{"id":500,"date":"2022-08-22T12:13:29","date_gmt":"2022-08-22T15:13:29","guid":{"rendered":"https:\/\/tutoriales-siu-guarani.unr.edu.ar\/?page_id=500"},"modified":"2025-11-05T10:46:55","modified_gmt":"2025-11-05T13:46:55","slug":"otros","status":"publish","type":"page","link":"https:\/\/tutoriales-siu-guarani.unr.edu.ar\/?page_id=500","title":{"rendered":"Otros"},"content":{"rendered":"\n<ul class=\"wp-block-list\">\n<li><a href=\"#cPer\">Creaci\u00f3n per\u00edodos<\/a><\/li>\n\n\n\n<li><a href=\"#cEv\">Creaci\u00f3n evaluaciones<\/a><\/li>\n\n\n\n<li><a href=\"#pForm\">Inscripciones a propuestas formativas<\/a><\/li>\n\n\n\n<li><a href=\"#aRes\">Tr\u00e1mite de aprobaci\u00f3n por resoluci\u00f3n<\/a><\/li>\n<\/ul>\n\n\n\n<div class=\"wp-block-uagb-separator uagb-block-11fa8771\"><div class=\"wp-block-uagb-separator__inner\" style=\"--my-background-image:\"><\/div><\/div>\n\n\n\n<h4 class=\"wp-block-heading\" id=\"cPer\">Creaci\u00f3n per\u00edodos<\/h4>\n\n\n\n<h5 class=\"wp-block-heading\">Creaci\u00f3n per\u00edodo lectivo<\/h5>\n\n\n\n<h6 class=\"wp-block-heading\" style=\"font-size:17px\"><strong>O<\/strong>bjetivo<\/h6>\n\n\n\n<p>El per\u00edodo lectivo es el rango definido dentro de un a\u00f1o acad\u00e9mico en el cual se desarrolla la cursada de una actividad, es decir los alumnos se pueden inscribir a las comisiones.<\/p>\n\n\n\n<h6 class=\"wp-block-heading\" style=\"font-size:17px\">Precondici\u00f3n<\/h6>\n\n\n\n<p>Filtrar por a\u00f1o acad\u00e9mico y chequear que el per\u00edodo que queremos crear no se encuentre ya creado.<\/p>\n\n\n\n<h6 class=\"wp-block-heading\" style=\"font-size:17px\"><strong>P<\/strong>aso a paso<\/h6>\n\n\n\n<ol class=\"wp-block-list\">\n<li>Dirigirse a CALENDARIO\u00bb PER\u00cdODOS LECTIVOS\u00bb ADMINISTRAR PER\u00cdODOS LECTIVOS<\/li>\n\n\n\n<li>Si no est\u00e1 creado, clickear en \u201c+ Agregar\u201d.<\/li>\n\n\n\n<li>Completar los datos requeridos. Prestar <strong>atenci\u00f3n<\/strong> a las fechas, de existir alguna duda al respecto, en la ayuda que se encuentra al lado de la ruta (CALENDARIO\u00bb PER\u00cdODOS LECTIVOS\u00bb ADMINISTRAR PER\u00cdODOS LECTIVOS <strong>?<\/strong>) se brindan las definiciones de cada campo fecha.<\/li>\n\n\n\n<li>En la segunda pesta\u00f1a \u201cPer\u00edodos de Inscripci\u00f3n por Nivel\u201d se debe crear el rango de fechas donde se le permitir\u00e1 al alumno inscribirse a las comisiones. El alcance puede ser por Propuesta Fromativa.<\/li>\n\n\n\n<li>Luego de completar todos los datos y pesta\u00f1as, \u201cGuardar\u201d<\/li>\n<\/ol>\n\n\n\n<h5 class=\"wp-block-heading\"><strong>Creaci\u00f3n per\u00edodo<\/strong> de inscripci\u00f3n a propuestas<\/h5>\n\n\n\n<h6 class=\"wp-block-heading\" style=\"font-size:17px\"><strong>O<\/strong>bjetivo<\/h6>\n\n\n\n<p>Configurar los per\u00edodos de fecha en los cuales se podr\u00e1n realizar las preinscripciones, inscripciones y reinscripciones de los Alumnos a las Propuestas Formativas.<\/p>\n\n\n\n<h6 class=\"wp-block-heading\" style=\"font-size:17px\">Precondici\u00f3n<\/h6>\n\n\n\n<p>Filtrar por a\u00f1o acad\u00e9mico y chequear que el per\u00edodo que queremos crear no se encuentre ya creado.<\/p>\n\n\n\n<h6 class=\"wp-block-heading\" style=\"font-size:17px\"><strong>P<\/strong>aso a paso<\/h6>\n\n\n\n<ol class=\"wp-block-list\">\n<li> Dirigirse a CALENDARIO\u00bb PER\u00cdODOS DE INSCRIPCI\u00d3N\u00bb ADMINISTRAR PER\u00cdODOS DE INSCRIPCI\u00d3N A PROPUESTAS<\/li>\n\n\n\n<li>Si no est\u00e1 creado, clickear en \u201c+ Agregar\u201d.<\/li>\n\n\n\n<li>Completar los datos requeridos. Definir si es inscripci\u00f3n, preinscripci\u00f3n o reinscripci\u00f3n lo que deseamos crear. Prestar <strong>atenci\u00f3n<\/strong> a las fechas, de existir alguna duda al respecto, en la ayuda que se encuentra al lado de la ruta se brindan las definiciones de cada campo.<\/li>\n\n\n\n<li>En la tercera pesta\u00f1a \u201cFechas del Per\u00edodo de Inscripci\u00f3n\u201d se debe crear el rango de fechas donde se permitir\u00e1 al alumno inscribirse a las propuestas formativas.<\/li>\n\n\n\n<li>Luego de completar todos los datos y pesta\u00f1as, \u201cGuardar\u201d<\/li>\n<\/ol>\n\n\n\n<div class=\"wp-block-uagb-separator uagb-block-80797a4d\"><div class=\"wp-block-uagb-separator__inner\" style=\"--my-background-image:\"><\/div><\/div>\n\n\n\n<h4 class=\"wp-block-heading\" id=\"cEv\">Creaci\u00f3n evaluaciones<\/h4>\n\n\n\n<h5 class=\"wp-block-heading\"><strong>O<\/strong>bjetivo<\/h5>\n\n\n\n<p>Administrar las evaluaciones de una comisi\u00f3n.<\/p>\n\n\n\n<h5 class=\"wp-block-heading\"><strong>P<\/strong>recondici\u00f3n<\/h5>\n\n\n\n<ol class=\"wp-block-list\">\n<li>Actividad incluida en plan vigente activo.<\/li>\n\n\n\n<li>Comisiones dentro de las actividades.<\/li>\n<\/ol>\n\n\n\n<h5 class=\"wp-block-heading\"><strong>P<\/strong>aso a paso<\/h5>\n\n\n\n<ol class=\"wp-block-list\">\n<li>Para realizar esta operaci\u00f3n debe entrar a la ruta<strong>: \u00bb CURSADAS \u00bb EVALUACIONES \u00bbEVALUACIONES DE COMISIONES <\/strong>o filtrando por palabras claves en el buscador.<\/li>\n\n\n\n<li>En la pantalla principal filtrar por a\u00f1o acad\u00e9mico. Aparecer\u00e1 un listado con todas las actividades disponibles. Seleccionar a la que deseamos crearle una evaluaci\u00f3n presionando el bot\u00f3n de \u201clupa\u201d que se encuentra al lado de la actividad.<figure class=\"wp-block-image size-full\"><figure><img loading=\"lazy\" decoding=\"async\" width=\"892\" height=\"242\" class=\"wp-image-505\" src=\"https:\/\/tutoriales-siu-guarani.unr.edu.ar\/wp-content\/uploads\/2022\/08\/image-23.png\" alt=\"\" srcset=\"https:\/\/tutoriales-siu-guarani.unr.edu.ar\/wp-content\/uploads\/2022\/08\/image-23.png 892w, https:\/\/tutoriales-siu-guarani.unr.edu.ar\/wp-content\/uploads\/2022\/08\/image-23-300x81.png 300w, https:\/\/tutoriales-siu-guarani.unr.edu.ar\/wp-content\/uploads\/2022\/08\/image-23-768x208.png 768w\" sizes=\"auto, (max-width: 892px) 100vw, 892px\" \/><\/figure><\/figure><\/li>\n\n\n\n<li>Una vez seleccionada la actividad, presionar el bot\u00f3n<figure><img loading=\"lazy\" decoding=\"async\" width=\"84\" height=\"28\" class=\"wp-image-390\" style=\"color: var(--ast-global-color-2); font-size: 1rem;\" src=\"https:\/\/tutoriales-siu-guarani.unr.edu.ar\/wp-content\/uploads\/2022\/08\/image-12.png\" alt=\"\"><\/figure><\/li>\n\n\n\n<li>A continuaci\u00f3n, podr\u00e1 cargar todos los datos relacionados a la evaluaci\u00f3n. Al finalizar hacer clic en \u201cguardar\u201d.<figure class=\"wp-block-image size-full\"><figure><img loading=\"lazy\" decoding=\"async\" width=\"820\" height=\"291\" class=\"wp-image-506\" src=\"https:\/\/tutoriales-siu-guarani.unr.edu.ar\/wp-content\/uploads\/2022\/08\/image-24.png\" alt=\"\" srcset=\"https:\/\/tutoriales-siu-guarani.unr.edu.ar\/wp-content\/uploads\/2022\/08\/image-24.png 820w, https:\/\/tutoriales-siu-guarani.unr.edu.ar\/wp-content\/uploads\/2022\/08\/image-24-300x106.png 300w, https:\/\/tutoriales-siu-guarani.unr.edu.ar\/wp-content\/uploads\/2022\/08\/image-24-768x273.png 768w\" sizes=\"auto, (max-width: 820px) 100vw, 820px\" \/><\/figure><\/figure><\/li>\n<\/ol>\n\n\n\n<div class=\"wp-block-uagb-separator uagb-block-7de264cd\"><div class=\"wp-block-uagb-separator__inner\" style=\"--my-background-image:\"><\/div><\/div>\n\n\n\n<h4 class=\"wp-block-heading\" id=\"pForm\">Inscripciones a propuestas formativas<\/h4>\n\n\n\n<h5 class=\"wp-block-heading\"><strong>O<\/strong>bjetivo<\/h5>\n\n\n\n<p>Inscribir un alumno a una propuesta (incluye el alta de persona tambi\u00e9n). Pasan a estado &#8216;aceptada&#8217; las inscripciones a propuestas que ya tienen los requisitos de ingreso presentados.<\/p>\n\n\n\n<h5 class=\"wp-block-heading\">Precondici\u00f3n<\/h5>\n\n\n\n<ol class=\"wp-block-list\">\n<li>Que exista una propuesta Formativa.<\/li>\n\n\n\n<li>Plan activo vigente de la propuesta seleccionada.<\/li>\n\n\n\n<li>Per\u00edodo de inscripci\u00f3n a Propuesta que incluya el d\u00eda en el que se est\u00e1 realizando la operaci\u00f3n<\/li>\n<\/ol>\n\n\n\n<h5 class=\"wp-block-heading\"><strong>P<\/strong>aso a paso<\/h5>\n\n\n\n<ol class=\"wp-block-list\">\n<li>Para realizar una inscripci\u00f3n a una propuesta debemos completar los datos de 6 pasos diferentes, ingresando a la ruta <strong>\u00bb MATR\u00cdCULA \u00bb INSCRIPCIONES \u00bbINSCRIBIR A PROPUESTAS <\/strong>o filtrando por palabras claves en el buscador.<\/li>\n\n\n\n<li>Propuesta: seleccionar la propuesta a la cual deseamos inscribir al alumno.<\/li>\n\n\n\n<li>En el paso \u201cModalidad y Ubicaci\u00f3n\u201d deberemos seleccionar la ubicaci\u00f3n donde realizar\u00e1 la propuesta el alumno y el plan al cual se lo desea inscribir<\/li>\n\n\n\n<li>A continuaci\u00f3n seleccionar el per\u00edodo en el cual realizaremos la inscripci\u00f3n. Solo aparecer\u00e1n listados los per\u00edodos que contengan la fecha actual.<\/li>\n\n\n\n<li>En el paso \u201cAspirante seleccionar a la persona que deseamos inscribir a la propuesta. En caso de que deseemos inscribir a una persona que a\u00fan no se encuentra matriculada en el sistema deberemos hacer clic en el bot\u00f3n\u00a0<strong>Agregar Persona (1)<\/strong>\u00a0y el sistema nos redirigir\u00e1 a la operaci\u00f3n\u00a0\u201c<a href=\"https:\/\/documentacion.siu.edu.ar\/wiki\/SIU-Guarani\/Version3.17.0\/documentacion_de_las_operaciones\/matr%C3%ADcula\/administrar_personas\">Administrar Personas<\/a>\u201d\u00a0para dar de alta a la persona. En la parte inferior contamos con una serie de filtros a trav\u00e9s de los cuales podremos buscar a la persona entre aquellas ya matriculadas en el sistema <strong>Filtrar (2)<\/strong> <figure class=\"wp-block-image size-full\"><figure><img loading=\"lazy\" decoding=\"async\" width=\"834\" height=\"505\" class=\"wp-image-509\" src=\"https:\/\/tutoriales-siu-guarani.unr.edu.ar\/wp-content\/uploads\/2022\/08\/image-26.png\" alt=\"\" srcset=\"https:\/\/tutoriales-siu-guarani.unr.edu.ar\/wp-content\/uploads\/2022\/08\/image-26.png 834w, https:\/\/tutoriales-siu-guarani.unr.edu.ar\/wp-content\/uploads\/2022\/08\/image-26-300x182.png 300w, https:\/\/tutoriales-siu-guarani.unr.edu.ar\/wp-content\/uploads\/2022\/08\/image-26-768x465.png 768w\" sizes=\"auto, (max-width: 834px) 100vw, 834px\" \/><\/figure><\/figure><\/li>\n\n\n\n<li>En el paso siguiente, confirmar la inscripci\u00f3n. Aparecer\u00e1 un cartel con la opci\u00f3n de completar sus requisitos de ingreso, puede aceptarlo y se dirigir\u00e1 a completar con los documentos presentados por el alumno o podr\u00e1 hacerlo luego desde la opci\u00f3n \u201cadministrar requisitos de una persona\u201d en la ruta <strong>\u00bb REQUISITOS \u00bb REQUISITOS DE INGRESO \u00bbADMINISTRAR REQUISITOS DE UNA PERSONA<\/strong><\/li>\n\n\n\n<li>Por \u00faltimo, podr\u00e1 descargar el comprobante de la inscripci\u00f3n, enviarlo al alumno o crear una nueva inscripci\u00f3n.<figure class=\"wp-block-image size-full\"><figure><img loading=\"lazy\" decoding=\"async\" width=\"827\" height=\"205\" class=\"wp-image-512\" src=\"https:\/\/tutoriales-siu-guarani.unr.edu.ar\/wp-content\/uploads\/2022\/08\/image-29.png\" alt=\"\" srcset=\"https:\/\/tutoriales-siu-guarani.unr.edu.ar\/wp-content\/uploads\/2022\/08\/image-29.png 827w, https:\/\/tutoriales-siu-guarani.unr.edu.ar\/wp-content\/uploads\/2022\/08\/image-29-300x74.png 300w, https:\/\/tutoriales-siu-guarani.unr.edu.ar\/wp-content\/uploads\/2022\/08\/image-29-768x190.png 768w\" sizes=\"auto, (max-width: 827px) 100vw, 827px\" \/><\/figure><\/figure><\/li>\n<\/ol>\n\n\n\n<p><strong>OBSERVACIONES<\/strong><\/p>\n\n\n\n<p>En los objetivos de la operaci\u00f3n se hace referencia al estado de la inscripci\u00f3n a la propuesta de los alumnos, seg\u00fan si cumpli\u00f3 con los requisitos de ingreso o no. Esta informaci\u00f3n podr\u00e1 revisarla en la ficha de la persona.<\/p>\n\n\n\n<p>En la secci\u00f3n \u201cpropuestas\u201d podr\u00e1 ver el estado. Si indica aceptada significa que ya cumpli\u00f3 con todos los requisitos. Si indica pendiente es porque todav\u00eda falta presentar alguno de ellos.<\/p>\n\n\n\n<figure class=\"wp-block-image size-full\"><img loading=\"lazy\" decoding=\"async\" width=\"925\" height=\"186\" src=\"https:\/\/tutoriales-siu-guarani.unr.edu.ar\/wp-content\/uploads\/2022\/08\/image-30.png\" alt=\"\" class=\"wp-image-513\" srcset=\"https:\/\/tutoriales-siu-guarani.unr.edu.ar\/wp-content\/uploads\/2022\/08\/image-30.png 925w, https:\/\/tutoriales-siu-guarani.unr.edu.ar\/wp-content\/uploads\/2022\/08\/image-30-300x60.png 300w, https:\/\/tutoriales-siu-guarani.unr.edu.ar\/wp-content\/uploads\/2022\/08\/image-30-768x154.png 768w\" sizes=\"auto, (max-width: 925px) 100vw, 925px\" \/><\/figure>\n\n\n\n<p>Para ver qu\u00e9 requisitos cumpli\u00f3 y cu\u00e1les no, deber\u00e1 ingresar a la secci\u00f3n \u201crequisitos de ingreso\u201d<\/p>\n\n\n\n<figure class=\"wp-block-image size-full\"><img loading=\"lazy\" decoding=\"async\" width=\"925\" height=\"322\" src=\"https:\/\/tutoriales-siu-guarani.unr.edu.ar\/wp-content\/uploads\/2022\/08\/image-31.png\" alt=\"\" class=\"wp-image-514\" srcset=\"https:\/\/tutoriales-siu-guarani.unr.edu.ar\/wp-content\/uploads\/2022\/08\/image-31.png 925w, https:\/\/tutoriales-siu-guarani.unr.edu.ar\/wp-content\/uploads\/2022\/08\/image-31-300x104.png 300w, https:\/\/tutoriales-siu-guarani.unr.edu.ar\/wp-content\/uploads\/2022\/08\/image-31-768x267.png 768w\" sizes=\"auto, (max-width: 925px) 100vw, 925px\" \/><\/figure>\n\n\n\n<p>Cada vez que el alumno presente un requisito, deber\u00e1 agregarlo en la operaci\u00f3n \u201cadministrar requisitos de una persona\u201d, as\u00ed se ver\u00e1 reflejada esta informaci\u00f3n en la ficha de la persona, y pasar\u00e1 a estado activo cuando cumpla con todos los requisitos.<\/p>\n\n\n\n<div class=\"wp-block-uagb-separator uagb-block-50425e50\"><div class=\"wp-block-uagb-separator__inner\" style=\"--my-background-image:\"><\/div><\/div>\n\n\n\n<h4 class=\"wp-block-heading\" id=\"aRes\">Tr\u00e1mite de aprobaci\u00f3n por resoluci\u00f3n<\/h4>\n\n\n\n<p>Precondici\u00f3n: tener cargado el documento respaldatorio.<\/p>\n\n\n\n<p>Para verificar si est\u00e1 cargado nos dirigimos a: <strong>UNIDADES DE GESTI\u00d3N \u00bb DOCUMENTOS RESPALDATORIOS \u00bbADMINISTRAR DOCUMENTOS RESPALDATORIOS <\/strong>y aplicamos los filtros correspondientes.<\/p>\n\n\n\n<p>De no estar cargado el documento debemos agregarlo haciendo clic en agregar como vemos en la siguiente imagen:<\/p>\n\n\n\n<figure class=\"wp-block-image size-large\"><img loading=\"lazy\" decoding=\"async\" width=\"1024\" height=\"548\" src=\"https:\/\/tutoriales-siu-guarani.unr.edu.ar\/wp-content\/uploads\/2022\/08\/image-32-1024x548.png\" alt=\"\" class=\"wp-image-516\" srcset=\"https:\/\/tutoriales-siu-guarani.unr.edu.ar\/wp-content\/uploads\/2022\/08\/image-32-1024x548.png 1024w, https:\/\/tutoriales-siu-guarani.unr.edu.ar\/wp-content\/uploads\/2022\/08\/image-32-300x161.png 300w, https:\/\/tutoriales-siu-guarani.unr.edu.ar\/wp-content\/uploads\/2022\/08\/image-32-768x411.png 768w, https:\/\/tutoriales-siu-guarani.unr.edu.ar\/wp-content\/uploads\/2022\/08\/image-32.png 1115w\" sizes=\"auto, (max-width: 1024px) 100vw, 1024px\" \/><\/figure>\n\n\n\n<p>Luego completamos el formulario, los campos con (*) son los obligatorios, pero recomendamos adjuntar el documento digital (en el ejemplo CS 123-45.pdf):<\/p>\n\n\n\n<figure class=\"wp-block-image size-large\"><img loading=\"lazy\" decoding=\"async\" width=\"1024\" height=\"430\" src=\"https:\/\/tutoriales-siu-guarani.unr.edu.ar\/wp-content\/uploads\/2022\/08\/image-33-1024x430.png\" alt=\"\" class=\"wp-image-517\" srcset=\"https:\/\/tutoriales-siu-guarani.unr.edu.ar\/wp-content\/uploads\/2022\/08\/image-33-1024x430.png 1024w, https:\/\/tutoriales-siu-guarani.unr.edu.ar\/wp-content\/uploads\/2022\/08\/image-33-300x126.png 300w, https:\/\/tutoriales-siu-guarani.unr.edu.ar\/wp-content\/uploads\/2022\/08\/image-33-768x322.png 768w, https:\/\/tutoriales-siu-guarani.unr.edu.ar\/wp-content\/uploads\/2022\/08\/image-33.png 1137w\" sizes=\"auto, (max-width: 1024px) 100vw, 1024px\" \/><\/figure>\n\n\n\n<p>Una vez que cargamos el documento respaldatorio, nos dirigimos a <strong>RECONOCIMIENTO DE ACTIVIDADES \u00bb APROBACI\u00d3N POR RESOLUCI\u00d3N \u00bbADMINISTRAR TR\u00c1MITES DE APROBACI\u00d3N POR RESOLUCI\u00d3N <\/strong>nuevamente aplicamos los filtros para verificar que no haya ning\u00fan tr\u00e1mite abierto (para no volver a crear un tr\u00e1mite que ya existe pero que aun no fue cerrado)<\/p>\n\n\n\n<figure class=\"wp-block-image size-large\"><img loading=\"lazy\" decoding=\"async\" width=\"1024\" height=\"275\" src=\"https:\/\/tutoriales-siu-guarani.unr.edu.ar\/wp-content\/uploads\/2022\/08\/image-34-1024x275.png\" alt=\"\" class=\"wp-image-518\" srcset=\"https:\/\/tutoriales-siu-guarani.unr.edu.ar\/wp-content\/uploads\/2022\/08\/image-34-1024x275.png 1024w, https:\/\/tutoriales-siu-guarani.unr.edu.ar\/wp-content\/uploads\/2022\/08\/image-34-300x81.png 300w, https:\/\/tutoriales-siu-guarani.unr.edu.ar\/wp-content\/uploads\/2022\/08\/image-34-768x206.png 768w, https:\/\/tutoriales-siu-guarani.unr.edu.ar\/wp-content\/uploads\/2022\/08\/image-34.png 1135w\" sizes=\"auto, (max-width: 1024px) 100vw, 1024px\" \/><\/figure>\n\n\n\n<p>De no existir el tr\u00e1mite debemos crear uno haciendo clic en \u201cAgregar\u201d y completamos la primer pesta\u00f1a \u201cDatos Principales\u201d:<\/p>\n\n\n\n<figure class=\"wp-block-image size-large\"><img loading=\"lazy\" decoding=\"async\" width=\"1024\" height=\"311\" src=\"https:\/\/tutoriales-siu-guarani.unr.edu.ar\/wp-content\/uploads\/2022\/08\/image-35-1024x311.png\" alt=\"\" class=\"wp-image-519\" srcset=\"https:\/\/tutoriales-siu-guarani.unr.edu.ar\/wp-content\/uploads\/2022\/08\/image-35-1024x311.png 1024w, https:\/\/tutoriales-siu-guarani.unr.edu.ar\/wp-content\/uploads\/2022\/08\/image-35-300x91.png 300w, https:\/\/tutoriales-siu-guarani.unr.edu.ar\/wp-content\/uploads\/2022\/08\/image-35-768x233.png 768w, https:\/\/tutoriales-siu-guarani.unr.edu.ar\/wp-content\/uploads\/2022\/08\/image-35.png 1129w\" sizes=\"auto, (max-width: 1024px) 100vw, 1024px\" \/><\/figure>\n\n\n\n<p>La siguiente pesta\u00f1a es la de \u201cDocumentaci\u00f3n Presentada\u201d donde podremos dar de alta, en caso que corresponda, la documentaci\u00f3n que el alumno presenta para validar el reconocimiento.<\/p>\n\n\n\n<p>Finalmente vamos a la tercera pesta\u00f1a \u201cReconocimiento\u201d donde seleccionaremos la\/s actividad\/es a reconocer y luego hacemos clic en \u201cagregar\u201d<\/p>\n\n\n\n<figure class=\"wp-block-image size-large\"><img loading=\"lazy\" decoding=\"async\" width=\"1024\" height=\"547\" src=\"https:\/\/tutoriales-siu-guarani.unr.edu.ar\/wp-content\/uploads\/2022\/08\/image-36-1024x547.png\" alt=\"\" class=\"wp-image-520\" srcset=\"https:\/\/tutoriales-siu-guarani.unr.edu.ar\/wp-content\/uploads\/2022\/08\/image-36-1024x547.png 1024w, https:\/\/tutoriales-siu-guarani.unr.edu.ar\/wp-content\/uploads\/2022\/08\/image-36-300x160.png 300w, https:\/\/tutoriales-siu-guarani.unr.edu.ar\/wp-content\/uploads\/2022\/08\/image-36-768x410.png 768w, https:\/\/tutoriales-siu-guarani.unr.edu.ar\/wp-content\/uploads\/2022\/08\/image-36.png 1181w\" sizes=\"auto, (max-width: 1024px) 100vw, 1024px\" \/><\/figure>\n\n\n\n<p>Una vez agregadas las actividades debemos completar los campos, si es homologada o no, y podemos completar los cr\u00e9ditos y la nota como vemos a continuaci\u00f3n.<\/p>\n\n\n\n<figure class=\"wp-block-image size-large\"><img loading=\"lazy\" decoding=\"async\" width=\"1024\" height=\"323\" src=\"https:\/\/tutoriales-siu-guarani.unr.edu.ar\/wp-content\/uploads\/2022\/08\/image-37-1024x323.png\" alt=\"\" class=\"wp-image-521\" srcset=\"https:\/\/tutoriales-siu-guarani.unr.edu.ar\/wp-content\/uploads\/2022\/08\/image-37-1024x323.png 1024w, https:\/\/tutoriales-siu-guarani.unr.edu.ar\/wp-content\/uploads\/2022\/08\/image-37-300x95.png 300w, https:\/\/tutoriales-siu-guarani.unr.edu.ar\/wp-content\/uploads\/2022\/08\/image-37-768x242.png 768w, https:\/\/tutoriales-siu-guarani.unr.edu.ar\/wp-content\/uploads\/2022\/08\/image-37.png 1131w\" sizes=\"auto, (max-width: 1024px) 100vw, 1024px\" \/><\/figure>\n\n\n\n<p>Luego de hacer clic en \u201cguardar\u201d podremos imprimir el tr\u00e1mite y cerrarlo (o podremos cerrarlo luego).<\/p>\n\n\n\n<figure class=\"wp-block-image size-large\"><img loading=\"lazy\" decoding=\"async\" width=\"1024\" height=\"523\" src=\"https:\/\/tutoriales-siu-guarani.unr.edu.ar\/wp-content\/uploads\/2022\/08\/image-38-1024x523.png\" alt=\"\" class=\"wp-image-522\" srcset=\"https:\/\/tutoriales-siu-guarani.unr.edu.ar\/wp-content\/uploads\/2022\/08\/image-38-1024x523.png 1024w, https:\/\/tutoriales-siu-guarani.unr.edu.ar\/wp-content\/uploads\/2022\/08\/image-38-300x153.png 300w, https:\/\/tutoriales-siu-guarani.unr.edu.ar\/wp-content\/uploads\/2022\/08\/image-38-768x393.png 768w, https:\/\/tutoriales-siu-guarani.unr.edu.ar\/wp-content\/uploads\/2022\/08\/image-38.png 1129w\" sizes=\"auto, (max-width: 1024px) 100vw, 1024px\" \/><\/figure>\n\n\n\n<p>Una vez cerrado el tr\u00e1mite vamos a <strong>MATR\u00cdCULA \u00bb REPORTES \u00bbFICHA DE LA PERSONA <\/strong>y en el men\u00fa de la izquierda vamos a \u201cHistoria Acad\u00e9mica\u201d y vemos en la columna \u201corigen\u201d que dice \u201caprob. por resol\u201d<\/p>\n\n\n\n<figure class=\"wp-block-image size-large\"><img loading=\"lazy\" decoding=\"async\" width=\"1024\" height=\"422\" src=\"https:\/\/tutoriales-siu-guarani.unr.edu.ar\/wp-content\/uploads\/2022\/08\/image-39-1024x422.png\" alt=\"\" class=\"wp-image-523\" srcset=\"https:\/\/tutoriales-siu-guarani.unr.edu.ar\/wp-content\/uploads\/2022\/08\/image-39-1024x422.png 1024w, https:\/\/tutoriales-siu-guarani.unr.edu.ar\/wp-content\/uploads\/2022\/08\/image-39-300x124.png 300w, https:\/\/tutoriales-siu-guarani.unr.edu.ar\/wp-content\/uploads\/2022\/08\/image-39-768x317.png 768w, https:\/\/tutoriales-siu-guarani.unr.edu.ar\/wp-content\/uploads\/2022\/08\/image-39.png 1157w\" sizes=\"auto, (max-width: 1024px) 100vw, 1024px\" \/><\/figure>\n","protected":false},"excerpt":{"rendered":"<p>Creaci\u00f3n per\u00edodos Creaci\u00f3n per\u00edodo lectivo Objetivo El per\u00edodo lectivo es el rango definido dentro de un a\u00f1o acad\u00e9mico en el cual se desarrolla la cursada de una actividad, es decir los alumnos se pueden inscribir a las comisiones. Precondici\u00f3n Filtrar por a\u00f1o acad\u00e9mico y chequear que el per\u00edodo que queremos crear no se encuentre ya [&hellip;]<\/p>\n","protected":false},"author":1,"featured_media":0,"parent":0,"menu_order":0,"comment_status":"closed","ping_status":"closed","template":"","meta":{"_uag_custom_page_level_css":"","site-sidebar-layout":"default","site-content-layout":"","ast-site-content-layout":"default","site-content-style":"default","site-sidebar-style":"default","ast-global-header-display":"","ast-banner-title-visibility":"","ast-main-header-display":"","ast-hfb-above-header-display":"","ast-hfb-below-header-display":"","ast-hfb-mobile-header-display":"","site-post-title":"","ast-breadcrumbs-content":"","ast-featured-img":"","footer-sml-layout":"","ast-disable-related-posts":"","theme-transparent-header-meta":"","adv-header-id-meta":"","stick-header-meta":"","header-above-stick-meta":"","header-main-stick-meta":"","header-below-stick-meta":"","astra-migrate-meta-layouts":"set","ast-page-background-enabled":"default","ast-page-background-meta":{"desktop":{"background-color":"var(--ast-global-color-4)","background-image":"","background-repeat":"repeat","background-position":"center center","background-size":"auto","background-attachment":"scroll","background-type":"","background-media":"","overlay-type":"","overlay-color":"","overlay-opacity":"","overlay-gradient":""},"tablet":{"background-color":"","background-image":"","background-repeat":"repeat","background-position":"center center","background-size":"auto","background-attachment":"scroll","background-type":"","background-media":"","overlay-type":"","overlay-color":"","overlay-opacity":"","overlay-gradient":""},"mobile":{"background-color":"","background-image":"","background-repeat":"repeat","background-position":"center center","background-size":"auto","background-attachment":"scroll","background-type":"","background-media":"","overlay-type":"","overlay-color":"","overlay-opacity":"","overlay-gradient":""}},"ast-content-background-meta":{"desktop":{"background-color":"var(--ast-global-color-5)","background-image":"","background-repeat":"repeat","background-position":"center center","background-size":"auto","background-attachment":"scroll","background-type":"","background-media":"","overlay-type":"","overlay-color":"","overlay-opacity":"","overlay-gradient":""},"tablet":{"background-color":"var(--ast-global-color-5)","background-image":"","background-repeat":"repeat","background-position":"center center","background-size":"auto","background-attachment":"scroll","background-type":"","background-media":"","overlay-type":"","overlay-color":"","overlay-opacity":"","overlay-gradient":""},"mobile":{"background-color":"var(--ast-global-color-5)","background-image":"","background-repeat":"repeat","background-position":"center center","background-size":"auto","background-attachment":"scroll","background-type":"","background-media":"","overlay-type":"","overlay-color":"","overlay-opacity":"","overlay-gradient":""}},"footnotes":""},"class_list":["post-500","page","type-page","status-publish","hentry"],"uagb_featured_image_src":{"full":false,"thumbnail":false,"medium":false,"medium_large":false,"large":false,"1536x1536":false,"2048x2048":false},"uagb_author_info":{"display_name":"administrador","author_link":"https:\/\/tutoriales-siu-guarani.unr.edu.ar\/?author=1"},"uagb_comment_info":0,"uagb_excerpt":"Creaci\u00f3n per\u00edodos Creaci\u00f3n per\u00edodo lectivo Objetivo El per\u00edodo lectivo es el rango definido dentro de un a\u00f1o acad\u00e9mico en el cual se desarrolla la cursada de una actividad, es decir los alumnos se pueden inscribir a las comisiones. Precondici\u00f3n Filtrar por a\u00f1o acad\u00e9mico y chequear que el per\u00edodo que queremos crear no se encuentre ya&hellip;","_links":{"self":[{"href":"https:\/\/tutoriales-siu-guarani.unr.edu.ar\/index.php?rest_route=\/wp\/v2\/pages\/500","targetHints":{"allow":["GET"]}}],"collection":[{"href":"https:\/\/tutoriales-siu-guarani.unr.edu.ar\/index.php?rest_route=\/wp\/v2\/pages"}],"about":[{"href":"https:\/\/tutoriales-siu-guarani.unr.edu.ar\/index.php?rest_route=\/wp\/v2\/types\/page"}],"author":[{"embeddable":true,"href":"https:\/\/tutoriales-siu-guarani.unr.edu.ar\/index.php?rest_route=\/wp\/v2\/users\/1"}],"replies":[{"embeddable":true,"href":"https:\/\/tutoriales-siu-guarani.unr.edu.ar\/index.php?rest_route=%2Fwp%2Fv2%2Fcomments&post=500"}],"version-history":[{"count":7,"href":"https:\/\/tutoriales-siu-guarani.unr.edu.ar\/index.php?rest_route=\/wp\/v2\/pages\/500\/revisions"}],"predecessor-version":[{"id":631,"href":"https:\/\/tutoriales-siu-guarani.unr.edu.ar\/index.php?rest_route=\/wp\/v2\/pages\/500\/revisions\/631"}],"wp:attachment":[{"href":"https:\/\/tutoriales-siu-guarani.unr.edu.ar\/index.php?rest_route=%2Fwp%2Fv2%2Fmedia&parent=500"}],"curies":[{"name":"wp","href":"https:\/\/api.w.org\/{rel}","templated":true}]}}