{"id":487,"date":"2022-08-22T11:15:30","date_gmt":"2022-08-22T14:15:30","guid":{"rendered":"https:\/\/tutoriales-siu-guarani.unr.edu.ar\/?page_id=487"},"modified":"2025-12-11T07:57:17","modified_gmt":"2025-12-11T10:57:17","slug":"pre-inscripcion","status":"publish","type":"page","link":"https:\/\/tutoriales-siu-guarani.unr.edu.ar\/?page_id=487","title":{"rendered":"Pre-inscripci\u00f3n"},"content":{"rendered":"\n<div class=\"wp-block-uagb-container uagb-block-hwyj8iey alignfull uagb-is-root-container\"><div class=\"uagb-container-inner-blocks-wrap\">\n<div class=\"wp-block-uagb-info-box uagb-block-nrseapud uagb-infobox__content-wrap  uagb-infobox-icon-above-title uagb-infobox-image-valign-top\"><div class=\"uagb-ifb-content\"><div class=\"uagb-ifb-title-wrap\"><h1 class=\"uagb-ifb-title\">Pre-inscripci\u00f3n<\/h1><\/div><\/div><\/div>\n<\/div><\/div>\n\n\n\n<ul class=\"wp-block-list\">\n<li><a href=\"#hPrei\">Habilitar preinscripci\u00f3n<\/a><\/li>\n\n\n\n<li><a href=\"#pPrei\">Recuperar Preinscripciones<\/a><\/li>\n\n\n\n<li><a href=\"#tDoc\">Turnos presentaci\u00f3n documentaci\u00f3n<\/a><\/li>\n\n\n\n<li><a href=\"#tDoc\">Reporte de preinscriptos <\/a><\/li>\n<\/ul>\n\n\n\n<div style=\"height:100px\" aria-hidden=\"true\" class=\"wp-block-spacer\"><\/div>\n\n\n\n<h4 class=\"wp-block-heading\" id=\"hPrei\">Habilitar preinscripci\u00f3n<\/h4>\n\n\n\n<figure class=\"wp-block-video\"><video height=\"588\" style=\"aspect-ratio: 1280 \/ 588;\" width=\"1280\" controls src=\"https:\/\/tutoriales-siu-guarani.unr.edu.ar\/wp-content\/uploads\/2022\/08\/Video-Habilitar-Preinscripcion.mp4\"><\/video><\/figure>\n\n\n\n<div style=\"height:58px\" aria-hidden=\"true\" class=\"wp-block-spacer\"><\/div>\n\n\n\n<div class=\"wp-block-uagb-separator uagb-block-07112c80\"><div class=\"wp-block-uagb-separator__inner\" style=\"--my-background-image:\"><\/div><\/div>\n\n\n\n<h4 class=\"wp-block-heading\" id=\"pPrei\">Recuperar preinscripciones<\/h4>\n\n\n\n<figure class=\"wp-block-video\"><video height=\"930\" style=\"aspect-ratio: 1920 \/ 930;\" width=\"1920\" controls src=\"https:\/\/tutoriales-siu-guarani.unr.edu.ar\/wp-content\/uploads\/2025\/11\/procesarpre-2025.mp4\"><\/video><\/figure>\n\n\n\n<div style=\"height:58px\" aria-hidden=\"true\" class=\"wp-block-spacer\"><\/div>\n\n\n\n<div class=\"wp-block-uagb-separator uagb-block-69295949\"><div class=\"wp-block-uagb-separator__inner\" style=\"--my-background-image:\"><\/div><\/div>\n\n\n\n<h4 class=\"wp-block-heading\" id=\"tDoc\">Turnos presentaci\u00f3n documentaci\u00f3n<\/h4>\n\n\n\n<figure class=\"wp-block-video\"><video height=\"624\" style=\"aspect-ratio: 1364 \/ 624;\" width=\"1364\" controls src=\"https:\/\/tutoriales-siu-guarani.unr.edu.ar\/wp-content\/uploads\/2022\/08\/turnos-presentacion-documentacion.mp4\"><\/video><\/figure>\n\n\n\n<div style=\"height:58px\" aria-hidden=\"true\" class=\"wp-block-spacer\"><\/div>\n\n\n\n<div class=\"wp-block-uagb-separator uagb-block-ace5c705\"><div class=\"wp-block-uagb-separator__inner\" style=\"--my-background-image:\"><\/div><\/div>\n\n\n\n<h4 class=\"wp-block-heading\" id=\"tDoc\"><a href=\"#tDoc\">Reporte de preinscriptos <\/a><\/h4>\n\n\n\n<figure class=\"wp-block-video\"><video height=\"696\" style=\"aspect-ratio: 1364 \/ 696;\" width=\"1364\" controls src=\"https:\/\/tutoriales-siu-guarani.unr.edu.ar\/wp-content\/uploads\/2025\/11\/Reporte-de-preinscriptos.mp4\"><\/video><\/figure>\n\n\n\n<div style=\"height:58px\" aria-hidden=\"true\" class=\"wp-block-spacer\"><\/div>\n\n\n\n<div class=\"wp-block-uagb-separator uagb-block-08a871cd\"><div class=\"wp-block-uagb-separator__inner\" style=\"--my-background-image:\"><\/div><\/div>\n\n\n\n<div style=\"height:58px\" aria-hidden=\"true\" class=\"wp-block-spacer\"><\/div>\n\n\n\n<p><\/p>\n","protected":false},"excerpt":{"rendered":"<p>Habilitar preinscripci\u00f3n Recuperar preinscripciones Turnos presentaci\u00f3n documentaci\u00f3n Reporte de preinscriptos<\/p>\n","protected":false},"author":1,"featured_media":0,"parent":0,"menu_order":0,"comment_status":"closed","ping_status":"closed","template":"","meta":{"_uag_custom_page_level_css":"","site-sidebar-layout":"default","site-content-layout":"","ast-site-content-layout":"default","site-content-style":"default","site-sidebar-style":"default","ast-global-header-display":"","ast-banner-title-visibility":"","ast-main-header-display":"","ast-hfb-above-header-display":"","ast-hfb-below-header-display":"","ast-hfb-mobile-header-display":"","site-post-title":"disabled","ast-breadcrumbs-content":"","ast-featured-img":"","footer-sml-layout":"","ast-disable-related-posts":"","theme-transparent-header-meta":"","adv-header-id-meta":"","stick-header-meta":"","header-above-stick-meta":"","header-main-stick-meta":"","header-below-stick-meta":"","astra-migrate-meta-layouts":"set","ast-page-background-enabled":"default","ast-page-background-meta":{"desktop":{"background-color":"var(--ast-global-color-4)","background-image":"","background-repeat":"repeat","background-position":"center center","background-size":"auto","background-attachment":"scroll","background-type":"","background-media":"","overlay-type":"","overlay-color":"","overlay-opacity":"","overlay-gradient":""},"tablet":{"background-color":"","background-image":"","background-repeat":"repeat","background-position":"center center","background-size":"auto","background-attachment":"scroll","background-type":"","background-media":"","overlay-type":"","overlay-color":"","overlay-opacity":"","overlay-gradient":""},"mobile":{"background-color":"","background-image":"","background-repeat":"repeat","background-position":"center center","background-size":"auto","background-attachment":"scroll","background-type":"","background-media":"","overlay-type":"","overlay-color":"","overlay-opacity":"","overlay-gradient":""}},"ast-content-background-meta":{"desktop":{"background-color":"var(--ast-global-color-5)","background-image":"","background-repeat":"repeat","background-position":"center center","background-size":"auto","background-attachment":"scroll","background-type":"","background-media":"","overlay-type":"","overlay-color":"","overlay-opacity":"","overlay-gradient":""},"tablet":{"background-color":"var(--ast-global-color-5)","background-image":"","background-repeat":"repeat","background-position":"center center","background-size":"auto","background-attachment":"scroll","background-type":"","background-media":"","overlay-type":"","overlay-color":"","overlay-opacity":"","overlay-gradient":""},"mobile":{"background-color":"var(--ast-global-color-5)","background-image":"","background-repeat":"repeat","background-position":"center center","background-size":"auto","background-attachment":"scroll","background-type":"","background-media":"","overlay-type":"","overlay-color":"","overlay-opacity":"","overlay-gradient":""}},"footnotes":""},"class_list":["post-487","page","type-page","status-publish","hentry"],"uagb_featured_image_src":{"full":false,"thumbnail":false,"medium":false,"medium_large":false,"large":false,"1536x1536":false,"2048x2048":false},"uagb_author_info":{"display_name":"administrador","author_link":"https:\/\/tutoriales-siu-guarani.unr.edu.ar\/?author=1"},"uagb_comment_info":0,"uagb_excerpt":"Habilitar preinscripci\u00f3n Recuperar preinscripciones Turnos presentaci\u00f3n documentaci\u00f3n Reporte de preinscriptos","_links":{"self":[{"href":"https:\/\/tutoriales-siu-guarani.unr.edu.ar\/index.php?rest_route=\/wp\/v2\/pages\/487","targetHints":{"allow":["GET"]}}],"collection":[{"href":"https:\/\/tutoriales-siu-guarani.unr.edu.ar\/index.php?rest_route=\/wp\/v2\/pages"}],"about":[{"href":"https:\/\/tutoriales-siu-guarani.unr.edu.ar\/index.php?rest_route=\/wp\/v2\/types\/page"}],"author":[{"embeddable":true,"href":"https:\/\/tutoriales-siu-guarani.unr.edu.ar\/index.php?rest_route=\/wp\/v2\/users\/1"}],"replies":[{"embeddable":true,"href":"https:\/\/tutoriales-siu-guarani.unr.edu.ar\/index.php?rest_route=%2Fwp%2Fv2%2Fcomments&post=487"}],"version-history":[{"count":13,"href":"https:\/\/tutoriales-siu-guarani.unr.edu.ar\/index.php?rest_route=\/wp\/v2\/pages\/487\/revisions"}],"predecessor-version":[{"id":897,"href":"https:\/\/tutoriales-siu-guarani.unr.edu.ar\/index.php?rest_route=\/wp\/v2\/pages\/487\/revisions\/897"}],"wp:attachment":[{"href":"https:\/\/tutoriales-siu-guarani.unr.edu.ar\/index.php?rest_route=%2Fwp%2Fv2%2Fmedia&parent=487"}],"curies":[{"name":"wp","href":"https:\/\/api.w.org\/{rel}","templated":true}]}}