{"id":485,"date":"2022-08-22T11:21:43","date_gmt":"2022-08-22T14:21:43","guid":{"rendered":"https:\/\/tutoriales-siu-guarani.unr.edu.ar\/?page_id=485"},"modified":"2022-08-22T12:21:39","modified_gmt":"2022-08-22T15:21:39","slug":"turnos-y-mesas","status":"publish","type":"page","link":"https:\/\/tutoriales-siu-guarani.unr.edu.ar\/?page_id=485","title":{"rendered":"Turnos y Mesas"},"content":{"rendered":"\n<ul class=\"wp-block-list\"><li><a href=\"#turnos\">Creaci\u00f3n de turnos de examen<\/a><\/li><li><a href=\"#mesas\">Copiar mesas de examen<\/a><\/li><\/ul>\n\n\n\n<div style=\"height:100px\" aria-hidden=\"true\" class=\"wp-block-spacer\"><\/div>\n\n\n\n<h3 class=\"wp-block-heading\" id=\"turnos\">Creaci\u00f3n de turnos de examen<\/h3>\n\n\n\n<h5 class=\"wp-block-heading\">Objetivo<\/h5>\n\n\n\n<p>Crear mesas de examen.<\/p>\n\n\n\n<h5 class=\"wp-block-heading\"><strong>C<\/strong>reaci\u00f3n de turnos<\/h5>\n\n\n\n<p>Es importante tener claras algunas definiciones:<\/p>\n\n\n\n<ul class=\"wp-block-list\"><li>Una <strong>Mesa de Examen<\/strong> es parte de un <strong>Llamado<\/strong><\/li><li>Un <strong>Llamado<\/strong> es parte de un <strong>Turno<\/strong><\/li><li>Un <strong>Per\u00edodo de Inscripci\u00f3n<\/strong> se corresponde a un \u2018<strong>Llamado<\/strong><\/li><\/ul>\n\n\n\n<p>Esto significa que para que exista una Mesa de Examen antes debe existir un Llamado con un Per\u00edodo de Inscripci\u00f3n y para que exista un Llamado debe existir en el un turno de examen. Ejemplo:<\/p>\n\n\n\n<figure class=\"wp-block-image size-full\"><img loading=\"lazy\" decoding=\"async\" width=\"472\" height=\"323\" src=\"https:\/\/tutoriales-siu-guarani.unr.edu.ar\/wp-content\/uploads\/2022\/08\/image-21.png\" alt=\"\" class=\"wp-image-495\" srcset=\"https:\/\/tutoriales-siu-guarani.unr.edu.ar\/wp-content\/uploads\/2022\/08\/image-21.png 472w, https:\/\/tutoriales-siu-guarani.unr.edu.ar\/wp-content\/uploads\/2022\/08\/image-21-300x205.png 300w\" sizes=\"auto, (max-width: 472px) 100vw, 472px\" \/><\/figure>\n\n\n\n<p>Se <strong>aconseja <\/strong>que, si se est\u00e1 creando una mesa, su nombre sea el de la actividad, si se crea un turno su nombre sea \u201c<em>turno y el mes o el per\u00edodo\u201d<\/em>, si se est\u00e1 creando un llamado su nombre sea parecido a <em>\u201cNro llamado\u201d<\/em>.<\/p>\n\n\n\n<p>Aclarado esto, comenzaremos creando el <strong>Turno de Examen<\/strong>:<\/p>\n\n\n\n<ol class=\"wp-block-list\"><li>Dirigirse a CALENDARIO\u00bb TURNOS DE EXAMEN\u00bb ADMINISTRAR TURNOS DE EXAMEN<\/li><li>Clickear en \u201c+ Agregar\u201d, completar los datos requeridos y \u201cGuardar\u201d. De esta forma se crea el turno.<\/li><li>Una vez creado el turno, clickear en \u201c+\u201d para crear el llamado. Crear tantos llamados como sean necesarios, prestar <strong><u>atenci\u00f3n<\/u><\/strong> a las fechas. Luego, \u201cGuardar\u201d.<\/li><li>Una vez creado\/s el\/los llamado\/s, clickear en \u201c+\u201d para crear el per\u00edodo de inscripci\u00f3n a ese llamado. Completar los datos requeridos, luego \u201cGuardar\u201d.<\/li><\/ol>\n\n\n\n<p>Para que el turno, llamado y periodo de inscripci\u00f3n est\u00e9n correctamente creados debe quedar una jerarqu\u00eda de este tipo, no debe faltar ninguna.<\/p>\n\n\n\n<figure class=\"wp-block-image size-full\"><img loading=\"lazy\" decoding=\"async\" width=\"345\" height=\"181\" src=\"https:\/\/tutoriales-siu-guarani.unr.edu.ar\/wp-content\/uploads\/2022\/08\/image-22.png\" alt=\"\" class=\"wp-image-496\" srcset=\"https:\/\/tutoriales-siu-guarani.unr.edu.ar\/wp-content\/uploads\/2022\/08\/image-22.png 345w, https:\/\/tutoriales-siu-guarani.unr.edu.ar\/wp-content\/uploads\/2022\/08\/image-22-300x157.png 300w\" sizes=\"auto, (max-width: 345px) 100vw, 345px\" \/><\/figure>\n\n\n\n<p>Si observamos, el primer dato es el nombre del turno, el segundo dato es el nombre del llamado, el tercer dato es el per\u00edodo de inscripci\u00f3n y el \u00faltimo es el nivel de aplicaci\u00f3n.<\/p>\n\n\n\n<p><strong>ESTA INCOMPLETO<\/strong><\/p>\n\n\n\n<h3 class=\"wp-block-heading\" id=\"mesas\"><a href=\"#mesas\">Copiar mesas de examen<\/a><\/h3>\n\n\n\n<h5 class=\"wp-block-heading\">Paso a paso:<\/h5>\n\n\n\n<p>1. Dirigirse a EX\u00c1MENES\u00bb MESAS DE EXAMEN\u00bb COPIAR MESAS DE EXAMEN MASIVAMENTE<\/p>\n\n\n\n<p>Se presenta una pantalla que permite seleccionar el a\u00f1o acad\u00e9mico-turno de examen de cual se va a copiar. Adem\u00e1s seleccionaremos las responsables acad\u00e9micas, como as\u00ed tambi\u00e9n la Ubicaci\u00f3n, las cuales actuar\u00e1n como filtro para las actividades a las que se les generar\u00e1n mesas.<\/p>\n\n\n\n<figure class=\"wp-block-image size-full is-resized\"><img loading=\"lazy\" decoding=\"async\" src=\"https:\/\/tutoriales-siu-guarani.unr.edu.ar\/wp-content\/uploads\/2022\/08\/image-28.png\" alt=\"\" class=\"wp-image-511\" width=\"779\" height=\"345\" srcset=\"https:\/\/tutoriales-siu-guarani.unr.edu.ar\/wp-content\/uploads\/2022\/08\/image-28.png 567w, https:\/\/tutoriales-siu-guarani.unr.edu.ar\/wp-content\/uploads\/2022\/08\/image-28-300x133.png 300w\" sizes=\"auto, (max-width: 779px) 100vw, 779px\" \/><\/figure>\n\n\n\n<p>Clic en el bot\u00f3n \u201cSiguiente\u201d<\/p>\n\n\n\n<p>2. Se mostrar\u00e1n los datos que fueron seleccionados en el paso 1. En la parte inferior se seleccionar\u00e1 la propuesta correspondiente, la misma que se quiere copiar las mesas de ex\u00e1menes.<\/p>\n\n\n\n<figure class=\"wp-block-image size-full is-resized\"><img loading=\"lazy\" decoding=\"async\" src=\"https:\/\/tutoriales-siu-guarani.unr.edu.ar\/wp-content\/uploads\/2022\/08\/image-40.png\" alt=\"\" class=\"wp-image-533\" width=\"767\" height=\"380\" srcset=\"https:\/\/tutoriales-siu-guarani.unr.edu.ar\/wp-content\/uploads\/2022\/08\/image-40.png 567w, https:\/\/tutoriales-siu-guarani.unr.edu.ar\/wp-content\/uploads\/2022\/08\/image-40-300x149.png 300w\" sizes=\"auto, (max-width: 767px) 100vw, 767px\" \/><\/figure>\n\n\n\n<p>Clic en el bot\u00f3n \u201cSiguiente\u201d<\/p>\n\n\n\n<p>3. Se ingresar\u00e1n los datos para determinar hacia donde se copiar\u00e1n los datos elegidos en el origen. Adem\u00e1s se deber\u00e1 elegir criterios de copiado y que mesas se van a considerar.<\/p>\n\n\n\n<figure class=\"wp-block-image size-full is-resized\"><img loading=\"lazy\" decoding=\"async\" src=\"https:\/\/tutoriales-siu-guarani.unr.edu.ar\/wp-content\/uploads\/2022\/08\/image-41.png\" alt=\"\" class=\"wp-image-534\" width=\"753\" height=\"328\" srcset=\"https:\/\/tutoriales-siu-guarani.unr.edu.ar\/wp-content\/uploads\/2022\/08\/image-41.png 567w, https:\/\/tutoriales-siu-guarani.unr.edu.ar\/wp-content\/uploads\/2022\/08\/image-41-300x131.png 300w\" sizes=\"auto, (max-width: 753px) 100vw, 753px\" \/><\/figure>\n\n\n\n<p>4. Por \u00faltimo una vez completado todos los datos requeridos hacer clic en el bot\u00f3n \u201cCopiar Mesas\u201d.<\/p>\n","protected":false},"excerpt":{"rendered":"<p>Creaci\u00f3n de turnos de examen Copiar mesas de examen Creaci\u00f3n de turnos de examen Objetivo Crear mesas de examen. Creaci\u00f3n de turnos Es importante tener claras algunas definiciones: Una Mesa de Examen es parte de un Llamado Un Llamado es parte de un Turno Un Per\u00edodo de Inscripci\u00f3n se corresponde a un \u2018Llamado Esto significa [&hellip;]<\/p>\n","protected":false},"author":1,"featured_media":0,"parent":0,"menu_order":0,"comment_status":"closed","ping_status":"closed","template":"","meta":{"_uag_custom_page_level_css":"","site-sidebar-layout":"default","site-content-layout":"","ast-site-content-layout":"default","site-content-style":"default","site-sidebar-style":"default","ast-global-header-display":"","ast-banner-title-visibility":"","ast-main-header-display":"","ast-hfb-above-header-display":"","ast-hfb-below-header-display":"","ast-hfb-mobile-header-display":"","site-post-title":"","ast-breadcrumbs-content":"","ast-featured-img":"","footer-sml-layout":"","ast-disable-related-posts":"","theme-transparent-header-meta":"","adv-header-id-meta":"","stick-header-meta":"","header-above-stick-meta":"","header-main-stick-meta":"","header-below-stick-meta":"","astra-migrate-meta-layouts":"default","ast-page-background-enabled":"default","ast-page-background-meta":{"desktop":{"background-color":"var(--ast-global-color-4)","background-image":"","background-repeat":"repeat","background-position":"center center","background-size":"auto","background-attachment":"scroll","background-type":"","background-media":"","overlay-type":"","overlay-color":"","overlay-opacity":"","overlay-gradient":""},"tablet":{"background-color":"","background-image":"","background-repeat":"repeat","background-position":"center center","background-size":"auto","background-attachment":"scroll","background-type":"","background-media":"","overlay-type":"","overlay-color":"","overlay-opacity":"","overlay-gradient":""},"mobile":{"background-color":"","background-image":"","background-repeat":"repeat","background-position":"center center","background-size":"auto","background-attachment":"scroll","background-type":"","background-media":"","overlay-type":"","overlay-color":"","overlay-opacity":"","overlay-gradient":""}},"ast-content-background-meta":{"desktop":{"background-color":"var(--ast-global-color-5)","background-image":"","background-repeat":"repeat","background-position":"center center","background-size":"auto","background-attachment":"scroll","background-type":"","background-media":"","overlay-type":"","overlay-color":"","overlay-opacity":"","overlay-gradient":""},"tablet":{"background-color":"var(--ast-global-color-5)","background-image":"","background-repeat":"repeat","background-position":"center center","background-size":"auto","background-attachment":"scroll","background-type":"","background-media":"","overlay-type":"","overlay-color":"","overlay-opacity":"","overlay-gradient":""},"mobile":{"background-color":"var(--ast-global-color-5)","background-image":"","background-repeat":"repeat","background-position":"center center","background-size":"auto","background-attachment":"scroll","background-type":"","background-media":"","overlay-type":"","overlay-color":"","overlay-opacity":"","overlay-gradient":""}},"footnotes":""},"class_list":["post-485","page","type-page","status-publish","hentry"],"uagb_featured_image_src":{"full":false,"thumbnail":false,"medium":false,"medium_large":false,"large":false,"1536x1536":false,"2048x2048":false},"uagb_author_info":{"display_name":"administrador","author_link":"https:\/\/tutoriales-siu-guarani.unr.edu.ar\/?author=1"},"uagb_comment_info":0,"uagb_excerpt":"Creaci\u00f3n de turnos de examen Copiar mesas de examen Creaci\u00f3n de turnos de examen Objetivo Crear mesas de examen. Creaci\u00f3n de turnos Es importante tener claras algunas definiciones: Una Mesa de Examen es parte de un Llamado Un Llamado es parte de un Turno Un Per\u00edodo de Inscripci\u00f3n se corresponde a un \u2018Llamado Esto significa&hellip;","_links":{"self":[{"href":"https:\/\/tutoriales-siu-guarani.unr.edu.ar\/index.php?rest_route=\/wp\/v2\/pages\/485","targetHints":{"allow":["GET"]}}],"collection":[{"href":"https:\/\/tutoriales-siu-guarani.unr.edu.ar\/index.php?rest_route=\/wp\/v2\/pages"}],"about":[{"href":"https:\/\/tutoriales-siu-guarani.unr.edu.ar\/index.php?rest_route=\/wp\/v2\/types\/page"}],"author":[{"embeddable":true,"href":"https:\/\/tutoriales-siu-guarani.unr.edu.ar\/index.php?rest_route=\/wp\/v2\/users\/1"}],"replies":[{"embeddable":true,"href":"https:\/\/tutoriales-siu-guarani.unr.edu.ar\/index.php?rest_route=%2Fwp%2Fv2%2Fcomments&post=485"}],"version-history":[{"count":3,"href":"https:\/\/tutoriales-siu-guarani.unr.edu.ar\/index.php?rest_route=\/wp\/v2\/pages\/485\/revisions"}],"predecessor-version":[{"id":535,"href":"https:\/\/tutoriales-siu-guarani.unr.edu.ar\/index.php?rest_route=\/wp\/v2\/pages\/485\/revisions\/535"}],"wp:attachment":[{"href":"https:\/\/tutoriales-siu-guarani.unr.edu.ar\/index.php?rest_route=%2Fwp%2Fv2%2Fmedia&parent=485"}],"curies":[{"name":"wp","href":"https:\/\/api.w.org\/{rel}","templated":true}]}}