{"id":447,"date":"2022-08-22T10:55:05","date_gmt":"2022-08-22T13:55:05","guid":{"rendered":"https:\/\/tutoriales-siu-guarani.unr.edu.ar\/?page_id=447"},"modified":"2025-11-26T09:15:12","modified_gmt":"2025-11-26T12:15:12","slug":"inscripciones","status":"publish","type":"page","link":"https:\/\/tutoriales-siu-guarani.unr.edu.ar\/?page_id=447","title":{"rendered":"Inscripciones"},"content":{"rendered":"\n<ul class=\"wp-block-list\">\n<li><a href=\"#insc-propuesta\" data-type=\"internal\" data-id=\"#insc-propuesta\">Inscripci\u00f3n a propuesta<\/a><\/li>\n\n\n\n<li><a href=\"#insc-pre\" data-type=\"internal\" data-id=\"#insc-pre\">Inscripci\u00f3n desde Pre-inscripci\u00f3n<\/a><\/li>\n\n\n\n<li><a href=\"#procesar\">Procesar inscripciones a <\/a><a href=\"#procesar-cursada\" data-type=\"internal\" data-id=\"#procesar-cursada\">cursada<\/a><\/li>\n\n\n\n<li><a href=\"#insc-curso\" data-type=\"internal\" data-id=\"#insc-curso\">Inscribir a curso<\/a><\/li>\n\n\n\n<li><a href=\"#procesar-cursada\" data-type=\"internal\" data-id=\"#procesar-cursada\">Procesar inscripciones pendientes a cursada<\/a><\/li>\n<\/ul>\n\n\n\n<div style=\"height:100px\" aria-hidden=\"true\" class=\"wp-block-spacer\"><\/div>\n\n\n\n<h4 class=\"wp-block-heading\" id=\"insc-propuesta\">Inscripci\u00f3n a propuesta<\/h4>\n\n\n\n<figure class=\"wp-block-video\"><video controls src=\"https:\/\/tutoriales-siu-guarani.unr.edu.ar\/wp-content\/uploads\/2022\/08\/inscripcion-a-propuesta.mp4\"><\/video><\/figure>\n\n\n\n<div style=\"height:58px\" aria-hidden=\"true\" class=\"wp-block-spacer\"><\/div>\n\n\n\n<div class=\"wp-block-uagb-separator uagb-block-bc52715d\"><div class=\"wp-block-uagb-separator__inner\" style=\"--my-background-image:\"><\/div><\/div>\n\n\n\n<h4 class=\"wp-block-heading\" id=\"insc-pre\">Inscripci\u00f3n desde Pre-inscripci\u00f3n<\/h4>\n\n\n\n<figure class=\"wp-block-video\"><video height=\"930\" style=\"aspect-ratio: 1920 \/ 930;\" width=\"1920\" controls src=\"https:\/\/tutoriales-siu-guarani.unr.edu.ar\/wp-content\/uploads\/2025\/11\/procesarpre-2025.mp4\"><\/video><\/figure>\n\n\n\n<div style=\"height:58px\" aria-hidden=\"true\" class=\"wp-block-spacer\"><\/div>\n\n\n\n<div class=\"wp-block-uagb-separator uagb-block-876ca202\"><div class=\"wp-block-uagb-separator__inner\" style=\"--my-background-image:\"><\/div><\/div>\n\n\n\n<h4 class=\"wp-block-heading\" id=\"procesar-cursada\">Procesar inscripciones a cursada<\/h4>\n\n\n\n<figure class=\"wp-block-video\"><video height=\"930\" style=\"aspect-ratio: 1920 \/ 930;\" width=\"1920\" controls src=\"https:\/\/tutoriales-siu-guarani.unr.edu.ar\/wp-content\/uploads\/2025\/11\/procesar-cursadas.mp4\"><\/video><\/figure>\n\n\n\n<div style=\"height:58px\" aria-hidden=\"true\" class=\"wp-block-spacer\"><\/div>\n\n\n\n<div class=\"wp-block-uagb-separator uagb-block-d2bc90bd\"><div class=\"wp-block-uagb-separator__inner\" style=\"--my-background-image:\"><\/div><\/div>\n\n\n\n<h4 class=\"wp-block-heading\" id=\"insc-curso\">Inscribir a curso<\/h4>\n\n\n\n<figure class=\"wp-block-video\"><video height=\"624\" style=\"aspect-ratio: 1364 \/ 624;\" width=\"1364\" controls src=\"https:\/\/tutoriales-siu-guarani.unr.edu.ar\/wp-content\/uploads\/2025\/11\/inscripcion_curso_autogestion-2024.mp4\"><\/video><\/figure>\n\n\n\n<div style=\"height:58px\" aria-hidden=\"true\" class=\"wp-block-spacer\"><\/div>\n\n\n\n<div class=\"wp-block-uagb-separator uagb-block-7285b062\"><div class=\"wp-block-uagb-separator__inner\" style=\"--my-background-image:\"><\/div><\/div>\n\n\n\n<h4 class=\"wp-block-heading\" id=\"procesar-cursada\">Procesar inscripciones pendientes a cursada<\/h4>\n\n\n\n<figure class=\"wp-block-video\"><video height=\"930\" style=\"aspect-ratio: 1920 \/ 930;\" width=\"1920\" controls src=\"https:\/\/tutoriales-siu-guarani.unr.edu.ar\/wp-content\/uploads\/2025\/11\/procesar-pendientes-cursada.mp4\"><\/video><\/figure>\n","protected":false},"excerpt":{"rendered":"<p>Inscripci\u00f3n a propuesta Inscripci\u00f3n desde Pre-inscripci\u00f3n Procesar inscripciones a cursada Inscribir a curso Procesar inscripciones pendientes a cursada<\/p>\n","protected":false},"author":1,"featured_media":0,"parent":0,"menu_order":0,"comment_status":"closed","ping_status":"closed","template":"","meta":{"_uag_custom_page_level_css":"","site-sidebar-layout":"default","site-content-layout":"","ast-site-content-layout":"default","site-content-style":"default","site-sidebar-style":"default","ast-global-header-display":"","ast-banner-title-visibility":"","ast-main-header-display":"","ast-hfb-above-header-display":"","ast-hfb-below-header-display":"","ast-hfb-mobile-header-display":"","site-post-title":"","ast-breadcrumbs-content":"","ast-featured-img":"","footer-sml-layout":"","ast-disable-related-posts":"","theme-transparent-header-meta":"","adv-header-id-meta":"","stick-header-meta":"","header-above-stick-meta":"","header-main-stick-meta":"","header-below-stick-meta":"","astra-migrate-meta-layouts":"set","ast-page-background-enabled":"default","ast-page-background-meta":{"desktop":{"background-color":"var(--ast-global-color-4)","background-image":"","background-repeat":"repeat","background-position":"center center","background-size":"auto","background-attachment":"scroll","background-type":"","background-media":"","overlay-type":"","overlay-color":"","overlay-opacity":"","overlay-gradient":""},"tablet":{"background-color":"","background-image":"","background-repeat":"repeat","background-position":"center center","background-size":"auto","background-attachment":"scroll","background-type":"","background-media":"","overlay-type":"","overlay-color":"","overlay-opacity":"","overlay-gradient":""},"mobile":{"background-color":"","background-image":"","background-repeat":"repeat","background-position":"center center","background-size":"auto","background-attachment":"scroll","background-type":"","background-media":"","overlay-type":"","overlay-color":"","overlay-opacity":"","overlay-gradient":""}},"ast-content-background-meta":{"desktop":{"background-color":"var(--ast-global-color-5)","background-image":"","background-repeat":"repeat","background-position":"center center","background-size":"auto","background-attachment":"scroll","background-type":"","background-media":"","overlay-type":"","overlay-color":"","overlay-opacity":"","overlay-gradient":""},"tablet":{"background-color":"var(--ast-global-color-5)","background-image":"","background-repeat":"repeat","background-position":"center center","background-size":"auto","background-attachment":"scroll","background-type":"","background-media":"","overlay-type":"","overlay-color":"","overlay-opacity":"","overlay-gradient":""},"mobile":{"background-color":"var(--ast-global-color-5)","background-image":"","background-repeat":"repeat","background-position":"center center","background-size":"auto","background-attachment":"scroll","background-type":"","background-media":"","overlay-type":"","overlay-color":"","overlay-opacity":"","overlay-gradient":""}},"footnotes":""},"class_list":["post-447","page","type-page","status-publish","hentry"],"uagb_featured_image_src":{"full":false,"thumbnail":false,"medium":false,"medium_large":false,"large":false,"1536x1536":false,"2048x2048":false},"uagb_author_info":{"display_name":"administrador","author_link":"https:\/\/tutoriales-siu-guarani.unr.edu.ar\/?author=1"},"uagb_comment_info":0,"uagb_excerpt":"Inscripci\u00f3n a propuesta Inscripci\u00f3n desde Pre-inscripci\u00f3n Procesar inscripciones a cursada Inscribir a curso Procesar inscripciones pendientes a cursada","_links":{"self":[{"href":"https:\/\/tutoriales-siu-guarani.unr.edu.ar\/index.php?rest_route=\/wp\/v2\/pages\/447","targetHints":{"allow":["GET"]}}],"collection":[{"href":"https:\/\/tutoriales-siu-guarani.unr.edu.ar\/index.php?rest_route=\/wp\/v2\/pages"}],"about":[{"href":"https:\/\/tutoriales-siu-guarani.unr.edu.ar\/index.php?rest_route=\/wp\/v2\/types\/page"}],"author":[{"embeddable":true,"href":"https:\/\/tutoriales-siu-guarani.unr.edu.ar\/index.php?rest_route=\/wp\/v2\/users\/1"}],"replies":[{"embeddable":true,"href":"https:\/\/tutoriales-siu-guarani.unr.edu.ar\/index.php?rest_route=%2Fwp%2Fv2%2Fcomments&post=447"}],"version-history":[{"count":14,"href":"https:\/\/tutoriales-siu-guarani.unr.edu.ar\/index.php?rest_route=\/wp\/v2\/pages\/447\/revisions"}],"predecessor-version":[{"id":840,"href":"https:\/\/tutoriales-siu-guarani.unr.edu.ar\/index.php?rest_route=\/wp\/v2\/pages\/447\/revisions\/840"}],"wp:attachment":[{"href":"https:\/\/tutoriales-siu-guarani.unr.edu.ar\/index.php?rest_route=%2Fwp%2Fv2%2Fmedia&parent=447"}],"curies":[{"name":"wp","href":"https:\/\/api.w.org\/{rel}","templated":true}]}}