{"id":412,"date":"2022-08-22T10:43:17","date_gmt":"2022-08-22T13:43:17","guid":{"rendered":"https:\/\/tutoriales-siu-guarani.unr.edu.ar\/?page_id=412"},"modified":"2025-12-02T08:36:14","modified_gmt":"2025-12-02T11:36:14","slug":"comisiones","status":"publish","type":"page","link":"https:\/\/tutoriales-siu-guarani.unr.edu.ar\/?page_id=412","title":{"rendered":"Comisiones"},"content":{"rendered":"\n<ul class=\"wp-block-list\">\n<li><a href=\"#cComisiones\">Crear comisiones<\/a><\/li>\n\n\n\n<li><a href=\"#cComisionesM\">Copiar comisiones masivamente<\/a><\/li>\n\n\n\n<li><a href=\"#insComisiones\">Inscripci\u00f3n a comisiones con excepci\u00f3n de requisitos<\/a> <\/li>\n\n\n\n<li><a href=\"#insComisiones\">Inscripci\u00f3n a comisiones<\/a> fuera de t\u00e9rmino *<\/li>\n\n\n\n<li><a href=\"#icm\" data-type=\"internal\" data-id=\"#icm\">Inscripci\u00f3n a comisiones masivamente *<\/a><\/li>\n\n\n\n<li><a href=\"#daComisiones\" data-type=\"internal\" data-id=\"#daComisiones\">Distribuir alumnos entre comisiones<\/a><\/li>\n<\/ul>\n\n\n\n<div style=\"height:100px\" aria-hidden=\"true\" class=\"wp-block-spacer\"><\/div>\n\n\n\n<h4 class=\"wp-block-heading\" id=\"cComisiones\">Crear comisiones<\/h4>\n\n\n\n<figure class=\"wp-block-video\"><video height=\"624\" style=\"aspect-ratio: 1364 \/ 624;\" width=\"1364\" controls src=\"https:\/\/tutoriales-siu-guarani.unr.edu.ar\/wp-content\/uploads\/2022\/08\/crear_comisiones.mp4\"><\/video><\/figure>\n\n\n\n<div style=\"height:100px\" aria-hidden=\"true\" class=\"wp-block-spacer\"><\/div>\n\n\n\n<div class=\"wp-block-uagb-separator uagb-block-f0ba98bb\"><div class=\"wp-block-uagb-separator__inner\" style=\"--my-background-image:\"><\/div><\/div>\n\n\n\n<h4 class=\"wp-block-heading\" id=\"cComisionesM\">Copiar comisiones masivamente<\/h4>\n\n\n\n<figure class=\"wp-block-video\"><video height=\"624\" style=\"aspect-ratio: 1364 \/ 624;\" width=\"1364\" controls src=\"https:\/\/tutoriales-siu-guarani.unr.edu.ar\/wp-content\/uploads\/2022\/08\/Copiar-Comisiones-Masivamente.mp4\"><\/video><\/figure>\n\n\n\n<div style=\"height:100px\" aria-hidden=\"true\" class=\"wp-block-spacer\"><\/div>\n\n\n\n<div class=\"wp-block-uagb-separator uagb-block-551c9dcb\"><div class=\"wp-block-uagb-separator__inner\" style=\"--my-background-image:\"><\/div><\/div>\n\n\n\n<h4 class=\"wp-block-heading\" id=\"insComisiones\">Inscripci\u00f3n a comisiones con excepci\u00f3n de requisitos<\/h4>\n\n\n\n<figure class=\"wp-block-video\"><video height=\"930\" style=\"aspect-ratio: 1920 \/ 930;\" width=\"1920\" controls src=\"https:\/\/tutoriales-siu-guarani.unr.edu.ar\/wp-content\/uploads\/2025\/12\/cursada_mas_except.mp4\"><\/video><\/figure>\n\n\n\n<div style=\"height:100px\" aria-hidden=\"true\" class=\"wp-block-spacer\"><\/div>\n\n\n\n<div class=\"wp-block-uagb-separator uagb-block-751ce580\"><div class=\"wp-block-uagb-separator__inner\" style=\"--my-background-image:\"><\/div><\/div>\n\n\n\n<ol class=\"wp-block-list\"><\/ol>\n\n\n\n<h4 class=\"wp-block-heading\" id=\"icm\">Inscripci\u00f3n a comisiones masivamente<\/h4>\n\n\n\n<h5 class=\"wp-block-heading\">Objetivo<\/h5>\n\n\n\n<p>Inscribir, en un mismo paso, a todos los alumnos correspondientes a una comisi\u00f3n de una actividad<\/p>\n\n\n\n<h5 class=\"wp-block-heading\"><strong>P<\/strong>recondici\u00f3n<\/h5>\n\n\n\n<ol class=\"wp-block-list\">\n<li>Alumno inscripto a propuesta.<\/li>\n\n\n\n<li>Plan activo vigente de la propuesta seleccionada definido en la comisi\u00f3n.<\/li>\n\n\n\n<li>Per\u00edodo de inscripci\u00f3n a Comisi\u00f3n que incluya el d\u00eda en el que se est\u00e1 realizando la operaci\u00f3n<\/li>\n\n\n\n<li>Modalidad de cursada en la propuesta igual a la de la comisi\u00f3n.<\/li>\n<\/ol>\n\n\n\n<h5 class=\"wp-block-heading\"><strong>P<\/strong>aso a paso<\/h5>\n\n\n\n<ol class=\"wp-block-list\">\n<li>Para realizar esta operaci\u00f3n debe entrar a la ruta<strong>\u00bb CURSADAS \u00bb INSCRIPCIONES \u00bbINSCRIBIR A CURSADAS MASIVAMENTE <\/strong>o filtrando por palabras claves en el buscador.<\/li>\n\n\n\n<li>En la pantalla principal deber\u00e1 seguir cuatro pasos con datos a completar<\/li>\n\n\n\n<li>En la pantalla principal, deber\u00e1 completar todos los datos que contenta (*) y presionar el bot\u00f3n \u201cfiltrar\u201d. Al hacerlo, podr\u00e1 encontrar todas las actividades disponibles para inscribir alumnos, deber\u00e1 seleccionar la deseada.<figure class=\"wp-block-image size-full\"><figure><img loading=\"lazy\" decoding=\"async\" width=\"858\" height=\"415\" class=\"wp-image-452\" src=\"https:\/\/tutoriales-siu-guarani.unr.edu.ar\/wp-content\/uploads\/2022\/08\/image-18.png\" alt=\"\" srcset=\"https:\/\/tutoriales-siu-guarani.unr.edu.ar\/wp-content\/uploads\/2022\/08\/image-18.png 858w, https:\/\/tutoriales-siu-guarani.unr.edu.ar\/wp-content\/uploads\/2022\/08\/image-18-300x145.png 300w, https:\/\/tutoriales-siu-guarani.unr.edu.ar\/wp-content\/uploads\/2022\/08\/image-18-768x371.png 768w\" sizes=\"auto, (max-width: 858px) 100vw, 858px\" \/><\/figure><\/figure><\/li>\n\n\n\n<li>En el paso \u201ccomisi\u00f3n\u201d, estar\u00e1n disponibles las comisiones previamente creadas para esa actividad. Seleccionar la correspondiente.<\/li>\n\n\n\n<li>En la pesta\u00f1a \u201calumnos\u201d seleccionar en \u201calumnos disponibles\u201d a quienes desee inscribir y luego presionar el bot\u00f3n \u201cagregar alumnos\u201d. Una vez agregados, podr\u00e1 ver sus nombres en la secci\u00f3n \u201calumnos seleccionados\u201d. Por \u00faltimo, presionar inscribir para terminar el proceso.<figure class=\"wp-block-image size-full\"><figure><img loading=\"lazy\" decoding=\"async\" width=\"864\" height=\"453\" class=\"wp-image-454\" src=\"https:\/\/tutoriales-siu-guarani.unr.edu.ar\/wp-content\/uploads\/2022\/08\/image-19.png\" alt=\"\" srcset=\"https:\/\/tutoriales-siu-guarani.unr.edu.ar\/wp-content\/uploads\/2022\/08\/image-19.png 864w, https:\/\/tutoriales-siu-guarani.unr.edu.ar\/wp-content\/uploads\/2022\/08\/image-19-300x157.png 300w, https:\/\/tutoriales-siu-guarani.unr.edu.ar\/wp-content\/uploads\/2022\/08\/image-19-768x403.png 768w\" sizes=\"auto, (max-width: 864px) 100vw, 864px\" \/><\/figure><\/figure><\/li>\n\n\n\n<li>En el paso \u201cprocesamiento\u201d podr\u00e1 ver la cantidad de alumnos inscriptos, y si desea puede generar un reporte y ver todos sus nombres. Luego, presionar el bot\u00f3n finalizar.<figure class=\"wp-block-image size-full\"><figure><img loading=\"lazy\" decoding=\"async\" width=\"880\" height=\"262\" class=\"wp-image-456\" src=\"https:\/\/tutoriales-siu-guarani.unr.edu.ar\/wp-content\/uploads\/2022\/08\/image-20.png\" alt=\"\" srcset=\"https:\/\/tutoriales-siu-guarani.unr.edu.ar\/wp-content\/uploads\/2022\/08\/image-20.png 880w, https:\/\/tutoriales-siu-guarani.unr.edu.ar\/wp-content\/uploads\/2022\/08\/image-20-300x89.png 300w, https:\/\/tutoriales-siu-guarani.unr.edu.ar\/wp-content\/uploads\/2022\/08\/image-20-768x229.png 768w\" sizes=\"auto, (max-width: 880px) 100vw, 880px\" \/><\/figure><\/figure><\/li>\n<\/ol>\n\n\n\n<div style=\"height:100px\" aria-hidden=\"true\" class=\"wp-block-spacer\"><\/div>\n\n\n\n<div class=\"wp-block-uagb-separator uagb-block-60c913a9\"><div class=\"wp-block-uagb-separator__inner\" style=\"--my-background-image:\"><\/div><\/div>\n\n\n\n<h4 class=\"wp-block-heading\" id=\"daComisiones\">Distribuir alumnos entre comisiones<\/h4>\n\n\n\n<figure class=\"wp-block-video\"><video height=\"656\" style=\"aspect-ratio: 1366 \/ 656;\" width=\"1366\" controls src=\"https:\/\/tutoriales-siu-guarani.unr.edu.ar\/wp-content\/uploads\/2025\/11\/Distribuir_alumnos_entre_comisiones.mp4\"><\/video><\/figure>\n","protected":false},"excerpt":{"rendered":"<p>Crear comisiones Copiar comisiones masivamente Inscripci\u00f3n a comisiones con excepci\u00f3n de requisitos Inscripci\u00f3n a comisiones masivamente Objetivo Inscribir, en un mismo paso, a todos los alumnos correspondientes a una comisi\u00f3n de una actividad Precondici\u00f3n Paso a paso Distribuir alumnos entre comisiones<\/p>\n","protected":false},"author":1,"featured_media":0,"parent":0,"menu_order":0,"comment_status":"closed","ping_status":"closed","template":"","meta":{"_uag_custom_page_level_css":"","site-sidebar-layout":"default","site-content-layout":"","ast-site-content-layout":"default","site-content-style":"default","site-sidebar-style":"default","ast-global-header-display":"","ast-banner-title-visibility":"","ast-main-header-display":"","ast-hfb-above-header-display":"","ast-hfb-below-header-display":"","ast-hfb-mobile-header-display":"","site-post-title":"","ast-breadcrumbs-content":"","ast-featured-img":"","footer-sml-layout":"","ast-disable-related-posts":"","theme-transparent-header-meta":"","adv-header-id-meta":"","stick-header-meta":"","header-above-stick-meta":"","header-main-stick-meta":"","header-below-stick-meta":"","astra-migrate-meta-layouts":"set","ast-page-background-enabled":"default","ast-page-background-meta":{"desktop":{"background-color":"var(--ast-global-color-4)","background-image":"","background-repeat":"repeat","background-position":"center center","background-size":"auto","background-attachment":"scroll","background-type":"","background-media":"","overlay-type":"","overlay-color":"","overlay-opacity":"","overlay-gradient":""},"tablet":{"background-color":"","background-image":"","background-repeat":"repeat","background-position":"center center","background-size":"auto","background-attachment":"scroll","background-type":"","background-media":"","overlay-type":"","overlay-color":"","overlay-opacity":"","overlay-gradient":""},"mobile":{"background-color":"","background-image":"","background-repeat":"repeat","background-position":"center center","background-size":"auto","background-attachment":"scroll","background-type":"","background-media":"","overlay-type":"","overlay-color":"","overlay-opacity":"","overlay-gradient":""}},"ast-content-background-meta":{"desktop":{"background-color":"var(--ast-global-color-5)","background-image":"","background-repeat":"repeat","background-position":"center center","background-size":"auto","background-attachment":"scroll","background-type":"","background-media":"","overlay-type":"","overlay-color":"","overlay-opacity":"","overlay-gradient":""},"tablet":{"background-color":"var(--ast-global-color-5)","background-image":"","background-repeat":"repeat","background-position":"center center","background-size":"auto","background-attachment":"scroll","background-type":"","background-media":"","overlay-type":"","overlay-color":"","overlay-opacity":"","overlay-gradient":""},"mobile":{"background-color":"var(--ast-global-color-5)","background-image":"","background-repeat":"repeat","background-position":"center center","background-size":"auto","background-attachment":"scroll","background-type":"","background-media":"","overlay-type":"","overlay-color":"","overlay-opacity":"","overlay-gradient":""}},"footnotes":""},"class_list":["post-412","page","type-page","status-publish","hentry"],"uagb_featured_image_src":{"full":false,"thumbnail":false,"medium":false,"medium_large":false,"large":false,"1536x1536":false,"2048x2048":false},"uagb_author_info":{"display_name":"administrador","author_link":"https:\/\/tutoriales-siu-guarani.unr.edu.ar\/?author=1"},"uagb_comment_info":0,"uagb_excerpt":"Crear comisiones Copiar comisiones masivamente Inscripci\u00f3n a comisiones con excepci\u00f3n de requisitos Inscripci\u00f3n a comisiones masivamente Objetivo Inscribir, en un mismo paso, a todos los alumnos correspondientes a una comisi\u00f3n de una actividad Precondici\u00f3n Paso a paso Distribuir alumnos entre comisiones","_links":{"self":[{"href":"https:\/\/tutoriales-siu-guarani.unr.edu.ar\/index.php?rest_route=\/wp\/v2\/pages\/412","targetHints":{"allow":["GET"]}}],"collection":[{"href":"https:\/\/tutoriales-siu-guarani.unr.edu.ar\/index.php?rest_route=\/wp\/v2\/pages"}],"about":[{"href":"https:\/\/tutoriales-siu-guarani.unr.edu.ar\/index.php?rest_route=\/wp\/v2\/types\/page"}],"author":[{"embeddable":true,"href":"https:\/\/tutoriales-siu-guarani.unr.edu.ar\/index.php?rest_route=\/wp\/v2\/users\/1"}],"replies":[{"embeddable":true,"href":"https:\/\/tutoriales-siu-guarani.unr.edu.ar\/index.php?rest_route=%2Fwp%2Fv2%2Fcomments&post=412"}],"version-history":[{"count":18,"href":"https:\/\/tutoriales-siu-guarani.unr.edu.ar\/index.php?rest_route=\/wp\/v2\/pages\/412\/revisions"}],"predecessor-version":[{"id":882,"href":"https:\/\/tutoriales-siu-guarani.unr.edu.ar\/index.php?rest_route=\/wp\/v2\/pages\/412\/revisions\/882"}],"wp:attachment":[{"href":"https:\/\/tutoriales-siu-guarani.unr.edu.ar\/index.php?rest_route=%2Fwp%2Fv2%2Fmedia&parent=412"}],"curies":[{"name":"wp","href":"https:\/\/api.w.org\/{rel}","templated":true}]}}