{"id":110,"date":"2021-05-18T12:37:41","date_gmt":"2021-05-18T12:37:41","guid":{"rendered":"https:\/\/tutoriales-siu-guarani.unr.edu.ar\/?page_id=110"},"modified":"2025-11-28T12:05:06","modified_gmt":"2025-11-28T15:05:06","slug":"academics","status":"publish","type":"page","link":"https:\/\/tutoriales-siu-guarani.unr.edu.ar\/?page_id=110","title":{"rendered":"Autogesti\u00f3n"},"content":{"rendered":"\n<div class=\"wp-block-uagb-container uagb-block-hwyj8iey alignfull uagb-is-root-container\"><div class=\"uagb-container-inner-blocks-wrap\">\n<div class=\"wp-block-uagb-info-box uagb-block-nrseapud uagb-infobox__content-wrap  uagb-infobox-icon-above-title uagb-infobox-image-valign-top\"><div class=\"uagb-ifb-content\"><div class=\"uagb-ifb-title-wrap\"><h1 class=\"uagb-ifb-title\">Autogesti\u00f3n<\/h1><\/div><\/div><\/div>\n<\/div><\/div>\n\n\n\n<div class=\"wp-block-uagb-container uagb-block-wublhppy alignfull uagb-is-root-container\"><div class=\"uagb-container-inner-blocks-wrap\">\n<div class=\"wp-block-uagb-info-box uagb-block-bnhheigh uagb-infobox__content-wrap  uagb-infobox-icon-above-title uagb-infobox-image-valign-top\"><div class=\"uagb-ifb-content\"><div class=\"uagb-ifb-title-wrap\"><h2 class=\"uagb-ifb-title\">Tutoriales<\/h2><\/div><p class=\"uagb-ifb-desc\">A continuaci\u00f3n encontrar\u00e1n distintas gu\u00edas para la resoluci\u00f3n de problemas cotidianos<\/p><\/div><\/div>\n\n\n\n<div class=\"wp-block-uagb-container uagb-block-aee5dd29 alignfull uagb-is-root-container\"><div class=\"uagb-container-inner-blocks-wrap\">\n<div class=\"wp-block-uagb-container uagb-block-babdad42\">\n<div class=\"wp-block-uagb-image alignleft uagb-block-6f7313aa wp-block-uagb-image--layout-default wp-block-uagb-image--effect-static wp-block-uagb-image--align-left\"><figure class=\"wp-block-uagb-image__figure\"><img decoding=\"async\" srcset=\"https:\/\/tutoriales-siu-guarani.unr.edu.ar\/wp-content\/uploads\/2025\/11\/fondo-UNR.png ,https:\/\/tutoriales-siu-guarani.unr.edu.ar\/wp-content\/uploads\/2025\/11\/fondo-UNR.png 780w, https:\/\/tutoriales-siu-guarani.unr.edu.ar\/wp-content\/uploads\/2025\/11\/fondo-UNR.png 360w\" sizes=\"auto, (max-width: 480px) 150px\" src=\"https:\/\/tutoriales-siu-guarani.unr.edu.ar\/wp-content\/uploads\/2025\/11\/fondo-UNR.png\" alt=\"\" class=\"uag-image-658\" width=\"384\" height=\"288\" title=\"fondo UNR\" loading=\"lazy\" role=\"img\"\/><\/figure><\/div>\n\n\n\n<div class=\"wp-block-uagb-info-box uagb-block-d8cc6887 uagb-infobox__content-wrap  uagb-infobox-icon-above-title uagb-infobox-image-valign-top\"><div class=\"uagb-ifb-content\"><div class=\"uagb-ifb-title-wrap\"><h3 class=\"uagb-ifb-title\"><a href=\"https:\/\/tutoriales-siu-guarani.unr.edu.ar\/?page_id=756\" data-type=\"link\" data-id=\"https:\/\/tutoriales-siu-guarani.unr.edu.ar\/?page_id=756\">Alumnos<\/a><\/h3><\/div><p class=\"uagb-ifb-desc\"><a href=\"https:\/\/tutoriales-siu-guarani.unr.edu.ar\/?page_id=756#calendario\" data-type=\"link\" data-id=\"https:\/\/tutoriales-siu-guarani.unr.edu.ar\/?page_id=756#calendario\">&#8211; Inscripci\u00f3n a curso<br><\/a><a href=\"https:\/\/tutoriales-siu-guarani.unr.edu.ar\/?page_id=756#rec-pass\" data-type=\"link\" data-id=\"https:\/\/tutoriales-siu-guarani.unr.edu.ar\/?page_id=756#rec-pass\">&#8211; Recuperar contrase\u00f1a<\/a><br><a href=\"https:\/\/tutoriales-siu-guarani.unr.edu.ar\/?page_id=756#alu-reg\" data-type=\"link\" data-id=\"https:\/\/tutoriales-siu-guarani.unr.edu.ar\/?page_id=756#alu-reg\">&#8211; Obtener constancia de Alumno Regular<\/a><br><a href=\"https:\/\/tutoriales-siu-guarani.unr.edu.ar\/?page_id=756#pre-pro\" data-type=\"link\" data-id=\"https:\/\/tutoriales-siu-guarani.unr.edu.ar\/?page_id=756#pre-pro\">&#8211; Preinscripci\u00f3n a propuesta<\/a><br><a href=\"https:\/\/tutoriales-siu-guarani.unr.edu.ar\/?page_id=756#insc-cur\" data-type=\"link\" data-id=\"https:\/\/tutoriales-siu-guarani.unr.edu.ar\/?page_id=756#insc-cur\">&#8211; Inscripci\u00f3n a cursada<\/a><br><a href=\"https:\/\/tutoriales-siu-guarani.unr.edu.ar\/?page_id=756#reinsc\" data-type=\"link\" data-id=\"https:\/\/tutoriales-siu-guarani.unr.edu.ar\/?page_id=756#reinsc\">&#8211; Reinscripci\u00f3n<\/a><br><a href=\"#actualizar-datos-personales\" data-type=\"internal\" data-id=\"#actualizar-datos-personales\">&#8211; Actualizar datos personales<\/a><\/p><\/div><\/div>\n<\/div>\n\n\n\n<div class=\"wp-block-uagb-container uagb-block-5480c9e1\">\n<div class=\"wp-block-uagb-image alignleft uagb-block-d0b7bc17 wp-block-uagb-image--layout-default wp-block-uagb-image--effect-static wp-block-uagb-image--align-left\"><figure class=\"wp-block-uagb-image__figure\"><img decoding=\"async\" srcset=\"https:\/\/tutoriales-siu-guarani.unr.edu.ar\/wp-content\/uploads\/2025\/11\/fondo-UNR.png ,https:\/\/tutoriales-siu-guarani.unr.edu.ar\/wp-content\/uploads\/2025\/11\/fondo-UNR.png 780w, https:\/\/tutoriales-siu-guarani.unr.edu.ar\/wp-content\/uploads\/2025\/11\/fondo-UNR.png 360w\" sizes=\"auto, (max-width: 480px) 150px\" src=\"https:\/\/tutoriales-siu-guarani.unr.edu.ar\/wp-content\/uploads\/2025\/11\/fondo-UNR.png\" alt=\"\" class=\"uag-image-658\" width=\"384\" height=\"288\" title=\"fondo UNR\" loading=\"lazy\" role=\"img\"\/><\/figure><\/div>\n\n\n\n<div class=\"wp-block-uagb-info-box uagb-block-9506fd51 uagb-infobox__content-wrap  uagb-infobox-icon-above-title uagb-infobox-image-valign-top\"><div class=\"uagb-ifb-content\"><div class=\"uagb-ifb-title-wrap\"><h3 class=\"uagb-ifb-title\"><a href=\"https:\/\/tutoriales-siu-guarani.unr.edu.ar\/?page_id=773\" data-type=\"link\" data-id=\"https:\/\/tutoriales-siu-guarani.unr.edu.ar\/?page_id=773\">Docentes<\/a><\/h3><\/div><p class=\"uagb-ifb-desc\">&#8211; <a href=\"https:\/\/tutoriales-siu-guarani.unr.edu.ar\/?page_id=773#carga_notas_reg\" data-type=\"link\" data-id=\"https:\/\/tutoriales-siu-guarani.unr.edu.ar\/?page_id=773#carga_notas_reg\">Cargar notas actas regulares<\/a><br><a href=\"https:\/\/tutoriales-siu-guarani.unr.edu.ar\/?page_id=773#carga-notas-examen\">&#8211; Cargar notas examen<\/a><br><a href=\"https:\/\/tutoriales-siu-guarani.unr.edu.ar\/?page_id=773#mensaje-docentes\" data-type=\"link\" data-id=\"https:\/\/tutoriales-siu-guarani.unr.edu.ar\/?page_id=773#mensaje-docentes\">&#8211; Mensaje de docentes<\/a><br><a href=\"https:\/\/tutoriales-siu-guarani.unr.edu.ar\/?page_id=773#perfil-docente\" data-type=\"link\" data-id=\"https:\/\/tutoriales-siu-guarani.unr.edu.ar\/?page_id=773#perfil-docente\">&#8211; Perfil docente<\/a><br><a href=\"https:\/\/tutoriales-siu-guarani.unr.edu.ar\/?page_id=773#Actualizar-datos-personales\" data-type=\"link\" data-id=\"https:\/\/tutoriales-siu-guarani.unr.edu.ar\/?page_id=773#Actualizar-datos-personales\">&#8211; Actualizar datos personales<\/a><br><a href=\"https:\/\/tutoriales-siu-guarani.unr.edu.ar\/?page_id=773#listado-cursada\" data-type=\"link\" data-id=\"https:\/\/tutoriales-siu-guarani.unr.edu.ar\/?page_id=773#listado-cursada\">&#8211; Listado de inscriptos a cursada con mail y tel\u00e9fono<\/a><br><a href=\"https:\/\/tutoriales-siu-guarani.unr.edu.ar\/?page_id=773#recuperar-contrase\u00f1a\" data-type=\"link\" data-id=\"https:\/\/tutoriales-siu-guarani.unr.edu.ar\/?page_id=773#recuperar-contrase\u00f1a\">&#8211; Recuperar Contrase\u00f1a<\/a><br><\/p><\/div><\/div>\n<\/div>\n<\/div><\/div>\n<\/div><\/div>\n","protected":false},"excerpt":{"rendered":"","protected":false},"author":1,"featured_media":0,"parent":0,"menu_order":0,"comment_status":"closed","ping_status":"closed","template":"","meta":{"_uag_custom_page_level_css":"","site-sidebar-layout":"no-sidebar","site-content-layout":"plain-container","ast-site-content-layout":"normal-width-container","site-content-style":"unboxed","site-sidebar-style":"unboxed","ast-global-header-display":"","ast-banner-title-visibility":"","ast-main-header-display":"","ast-hfb-above-header-display":"","ast-hfb-below-header-display":"","ast-hfb-mobile-header-display":"","site-post-title":"disabled","ast-breadcrumbs-content":"","ast-featured-img":"","footer-sml-layout":"","ast-disable-related-posts":"","theme-transparent-header-meta":"default","adv-header-id-meta":"","stick-header-meta":"","header-above-stick-meta":"","header-main-stick-meta":"","header-below-stick-meta":"","astra-migrate-meta-layouts":"set","ast-page-background-enabled":"default","ast-page-background-meta":{"desktop":{"background-color":"var(--ast-global-color-4)","background-image":"","background-repeat":"repeat","background-position":"center center","background-size":"auto","background-attachment":"scroll","background-type":"","background-media":"","overlay-type":"","overlay-color":"","overlay-opacity":"","overlay-gradient":""},"tablet":{"background-color":"","background-image":"","background-repeat":"repeat","background-position":"center center","background-size":"auto","background-attachment":"scroll","background-type":"","background-media":"","overlay-type":"","overlay-color":"","overlay-opacity":"","overlay-gradient":""},"mobile":{"background-color":"","background-image":"","background-repeat":"repeat","background-position":"center center","background-size":"auto","background-attachment":"scroll","background-type":"","background-media":"","overlay-type":"","overlay-color":"","overlay-opacity":"","overlay-gradient":""}},"ast-content-background-meta":{"desktop":{"background-color":"var(--ast-global-color-5)","background-image":"","background-repeat":"repeat","background-position":"center center","background-size":"auto","background-attachment":"scroll","background-type":"","background-media":"","overlay-type":"","overlay-color":"","overlay-opacity":"","overlay-gradient":""},"tablet":{"background-color":"var(--ast-global-color-5)","background-image":"","background-repeat":"repeat","background-position":"center center","background-size":"auto","background-attachment":"scroll","background-type":"","background-media":"","overlay-type":"","overlay-color":"","overlay-opacity":"","overlay-gradient":""},"mobile":{"background-color":"var(--ast-global-color-5)","background-image":"","background-repeat":"repeat","background-position":"center center","background-size":"auto","background-attachment":"scroll","background-type":"","background-media":"","overlay-type":"","overlay-color":"","overlay-opacity":"","overlay-gradient":""}},"footnotes":""},"class_list":["post-110","page","type-page","status-publish","hentry"],"uagb_featured_image_src":{"full":false,"thumbnail":false,"medium":false,"medium_large":false,"large":false,"1536x1536":false,"2048x2048":false},"uagb_author_info":{"display_name":"administrador","author_link":"https:\/\/tutoriales-siu-guarani.unr.edu.ar\/?author=1"},"uagb_comment_info":0,"uagb_excerpt":null,"_links":{"self":[{"href":"https:\/\/tutoriales-siu-guarani.unr.edu.ar\/index.php?rest_route=\/wp\/v2\/pages\/110","targetHints":{"allow":["GET"]}}],"collection":[{"href":"https:\/\/tutoriales-siu-guarani.unr.edu.ar\/index.php?rest_route=\/wp\/v2\/pages"}],"about":[{"href":"https:\/\/tutoriales-siu-guarani.unr.edu.ar\/index.php?rest_route=\/wp\/v2\/types\/page"}],"author":[{"embeddable":true,"href":"https:\/\/tutoriales-siu-guarani.unr.edu.ar\/index.php?rest_route=\/wp\/v2\/users\/1"}],"replies":[{"embeddable":true,"href":"https:\/\/tutoriales-siu-guarani.unr.edu.ar\/index.php?rest_route=%2Fwp%2Fv2%2Fcomments&post=110"}],"version-history":[{"count":33,"href":"https:\/\/tutoriales-siu-guarani.unr.edu.ar\/index.php?rest_route=\/wp\/v2\/pages\/110\/revisions"}],"predecessor-version":[{"id":867,"href":"https:\/\/tutoriales-siu-guarani.unr.edu.ar\/index.php?rest_route=\/wp\/v2\/pages\/110\/revisions\/867"}],"wp:attachment":[{"href":"https:\/\/tutoriales-siu-guarani.unr.edu.ar\/index.php?rest_route=%2Fwp%2Fv2%2Fmedia&parent=110"}],"curies":[{"name":"wp","href":"https:\/\/api.w.org\/{rel}","templated":true}]}}