{"id":108,"date":"2021-05-18T11:36:35","date_gmt":"2021-05-18T11:36:35","guid":{"rendered":"https:\/\/tutoriales-siu-guarani.unr.edu.ar\/?page_id=108"},"modified":"2025-12-01T11:33:52","modified_gmt":"2025-12-01T14:33:52","slug":"home","status":"publish","type":"page","link":"https:\/\/tutoriales-siu-guarani.unr.edu.ar\/","title":{"rendered":"Inicio"},"content":{"rendered":"\n<div class=\"wp-block-uagb-container uagb-block-aypedh8n alignfull uagb-is-root-container\"><div class=\"uagb-container-inner-blocks-wrap\">\n<div class=\"wp-block-uagb-info-box uagb-block-r3sszdvb uagb-infobox__content-wrap  uagb-infobox-icon-above-title uagb-infobox-image-valign-top\"><div class=\"uagb-ifb-content\"><div class=\"uagb-ifb-title-wrap\"><h2 class=\"uagb-ifb-title\">Encontr\u00e1 todas las gu\u00edas de Guaran\u00ed <\/h2><\/div><\/div><\/div>\n\n\n\n<div class=\"wp-block-uagb-container uagb-layout-grid uagb-block-39wx2vvc\">\n<div class=\"wp-block-uagb-container uagb-block-b708vlcu\">\n<figure class=\"wp-block-image size-full alignleft\"><a href=\"https:\/\/tutoriales-siu-guarani.unr.edu.ar\/?page_id=109\"><img loading=\"lazy\" decoding=\"async\" width=\"448\" height=\"112\" src=\"https:\/\/tutoriales-siu-guarani.unr.edu.ar\/wp-content\/uploads\/2025\/10\/MODULO-GESTION-ACADEMICA.jpg\" alt=\"\" class=\"wp-image-579\" srcset=\"https:\/\/tutoriales-siu-guarani.unr.edu.ar\/wp-content\/uploads\/2025\/10\/MODULO-GESTION-ACADEMICA.jpg 448w, https:\/\/tutoriales-siu-guarani.unr.edu.ar\/wp-content\/uploads\/2025\/10\/MODULO-GESTION-ACADEMICA-300x75.jpg 300w\" sizes=\"auto, (max-width: 448px) 100vw, 448px\" \/><\/a><\/figure>\n\n\n\n<div class=\"wp-block-uagb-info-box uagb-block-oxjztyn5 uagb-infobox__content-wrap  uagb-infobox-icon-above-title uagb-infobox-image-valign-top\"><div class=\"uagb-ifb-content\"><div class=\"uagb-ifb-title-wrap\"><h3 class=\"uagb-ifb-title\"><a href=\"https:\/\/tutoriales-siu-guarani.unr.edu.ar\/?page_id=109\">Gesti\u00f3n<\/a><\/h3><\/div><p class=\"uagb-ifb-desc\"><a href=\"https:\/\/tutoriales-siu-guarani.unr.edu.ar\/?page_id=109\" data-type=\"link\" data-id=\"https:\/\/tutoriales-siu-guarani.unr.edu.ar\/?page_id=109\">En esta secci\u00f3n encontrar\u00e1n todos los videos relacionados con las actividades realizadas por alumnado<\/a><\/p><\/div><\/div>\n<\/div>\n\n\n\n<div class=\"wp-block-uagb-container uagb-layout-grid uagb-block-b024e773\">\n<figure class=\"wp-block-image size-full alignleft\"><a href=\"https:\/\/tutoriales-siu-guarani.unr.edu.ar\/?page_id=110\"><img loading=\"lazy\" decoding=\"async\" width=\"448\" height=\"112\" src=\"https:\/\/tutoriales-siu-guarani.unr.edu.ar\/wp-content\/uploads\/2025\/10\/MODULO-AUTOGESTION.jpg\" alt=\"\" class=\"wp-image-578\" srcset=\"https:\/\/tutoriales-siu-guarani.unr.edu.ar\/wp-content\/uploads\/2025\/10\/MODULO-AUTOGESTION.jpg 448w, https:\/\/tutoriales-siu-guarani.unr.edu.ar\/wp-content\/uploads\/2025\/10\/MODULO-AUTOGESTION-300x75.jpg 300w\" sizes=\"auto, (max-width: 448px) 100vw, 448px\" \/><\/a><\/figure>\n\n\n\n<div class=\"wp-block-uagb-info-box uagb-block-024d4fa9 uagb-infobox__content-wrap  uagb-infobox-icon-above-title uagb-infobox-image-valign-top\"><div class=\"uagb-ifb-content\"><div class=\"uagb-ifb-title-wrap\"><h3 class=\"uagb-ifb-title\"><a href=\"https:\/\/tutoriales-siu-guarani.unr.edu.ar\/?page_id=110\">Autogesti\u00f3n<\/a><\/h3><\/div><p class=\"uagb-ifb-desc\"><a href=\"https:\/\/tutoriales-siu-guarani.unr.edu.ar\/?page_id=110\" data-type=\"link\" data-id=\"https:\/\/tutoriales-siu-guarani.unr.edu.ar\/?page_id=110\">En esta secci\u00f3n encontrar\u00e1n todos los videos relacionados con los alumnos y\/o docentes<\/a><\/p><\/div><\/div>\n<\/div>\n\n\n\n<div class=\"wp-block-uagb-container uagb-block-8ee26dd7\">\n<figure class=\"wp-block-image size-full alignleft\"><a href=\"https:\/\/tutoriales-siu-guarani.unr.edu.ar\/?page_id=487\"><img loading=\"lazy\" decoding=\"async\" width=\"448\" height=\"112\" src=\"https:\/\/tutoriales-siu-guarani.unr.edu.ar\/wp-content\/uploads\/2025\/10\/MODULO-PREINSCRIPCION.jpg\" alt=\"\" class=\"wp-image-577\" srcset=\"https:\/\/tutoriales-siu-guarani.unr.edu.ar\/wp-content\/uploads\/2025\/10\/MODULO-PREINSCRIPCION.jpg 448w, https:\/\/tutoriales-siu-guarani.unr.edu.ar\/wp-content\/uploads\/2025\/10\/MODULO-PREINSCRIPCION-300x75.jpg 300w\" sizes=\"auto, (max-width: 448px) 100vw, 448px\" \/><\/a><\/figure>\n\n\n\n<div class=\"wp-block-uagb-info-box uagb-block-3f28e12e uagb-infobox__content-wrap  uagb-infobox-icon-above-title uagb-infobox-image-valign-top\"><div class=\"uagb-ifb-content\"><div class=\"uagb-ifb-title-wrap\"><h3 class=\"uagb-ifb-title\"><a href=\"https:\/\/tutoriales-siu-guarani.unr.edu.ar\/?page_id=487\">Pre &#8211; inscripci\u00f3n<\/a><\/h3><\/div><p class=\"uagb-ifb-desc\"><a href=\"https:\/\/tutoriales-siu-guarani.unr.edu.ar\/?page_id=487\" data-type=\"link\" data-id=\"https:\/\/tutoriales-siu-guarani.unr.edu.ar\/?page_id=487\">En esta secci\u00f3n encontrar\u00e1n todos los videos relacionados con los aspirantes<\/a><\/p><\/div><\/div>\n<\/div>\n<\/div>\n<\/div><\/div>\n\n\n\n<div class=\"wp-block-uagb-container uagb-block-lhajn5wm alignfull uagb-is-root-container\"><div class=\"uagb-container-inner-blocks-wrap\">\n<div class=\"wp-block-uagb-info-box uagb-block-upkpfx6r uagb-infobox__content-wrap  uagb-infobox-icon-above-title uagb-infobox-image-valign-top\"><div class=\"uagb-ifb-content\"><div class=\"uagb-ifb-title-wrap\"><h2 class=\"uagb-ifb-title\">Solucionar error de correo electr\u00f3nico en pre &#8211; inscripci\u00f3n<\/h2><\/div><\/div><\/div>\n\n\n\n<div class=\"wp-block-uagb-container uagb-block-lzllh8hi\">\n<div class=\"wp-block-uagb-info-box uagb-block-wmvpkiud uagb-infobox__content-wrap  uagb-infobox-icon-above-title uagb-infobox-image-valign-top\"><div class=\"uagb-ifb-content\"><div class=\"uagb-ifb-title-wrap\"><\/div><p class=\"uagb-ifb-desc\">En el siguiente video explicaremos como solucionar el problema cuando un aspirante ingresa mal el correo electr\u00f3nico al momento de registrarse en la pre &#8211; inscripci\u00f3n<\/p><\/div><\/div>\n\n\n\n<div class=\"wp-block-uagb-buttons uagb-buttons__outer-wrap uagb-btn__default-btn uagb-btn-tablet__default-btn uagb-btn-mobile__default-btn uagb-block-olnliez9\"><div class=\"uagb-buttons__wrap uagb-buttons-layout-wrap \">\n<div class=\"wp-block-uagb-buttons-child uagb-buttons__outer-wrap uagb-block-ccziit85 wp-block-button\"><div class=\"uagb-button__wrapper\"><a class=\"uagb-buttons-repeater wp-block-button__link\" aria-label=\"\" href=\"https:\/\/tutoriales-siu-guarani.unr.edu.ar\/?page_id=729\" rel=\"follow noopener\" target=\"_self\" role=\"button\"><div class=\"uagb-button__link\">Ver <\/div><\/a><\/div><\/div>\n<\/div><\/div>\n<\/div>\n<\/div><\/div>\n\n\n\n<p><\/p>\n","protected":false},"excerpt":{"rendered":"","protected":false},"author":1,"featured_media":0,"parent":0,"menu_order":0,"comment_status":"closed","ping_status":"closed","template":"","meta":{"_uag_custom_page_level_css":"","site-sidebar-layout":"no-sidebar","site-content-layout":"plain-container","ast-site-content-layout":"normal-width-container","site-content-style":"unboxed","site-sidebar-style":"unboxed","ast-global-header-display":"","ast-banner-title-visibility":"","ast-main-header-display":"","ast-hfb-above-header-display":"","ast-hfb-below-header-display":"","ast-hfb-mobile-header-display":"","site-post-title":"disabled","ast-breadcrumbs-content":"","ast-featured-img":"disabled","footer-sml-layout":"","ast-disable-related-posts":"","theme-transparent-header-meta":"default","adv-header-id-meta":"","stick-header-meta":"","header-above-stick-meta":"","header-main-stick-meta":"","header-below-stick-meta":"","astra-migrate-meta-layouts":"set","ast-page-background-enabled":"default","ast-page-background-meta":{"desktop":{"background-color":"var(--ast-global-color-4)","background-image":"","background-repeat":"repeat","background-position":"center center","background-size":"auto","background-attachment":"scroll","background-type":"","background-media":"","overlay-type":"","overlay-color":"","overlay-opacity":"","overlay-gradient":""},"tablet":{"background-color":"","background-image":"","background-repeat":"repeat","background-position":"center center","background-size":"auto","background-attachment":"scroll","background-type":"","background-media":"","overlay-type":"","overlay-color":"","overlay-opacity":"","overlay-gradient":""},"mobile":{"background-color":"","background-image":"","background-repeat":"repeat","background-position":"center center","background-size":"auto","background-attachment":"scroll","background-type":"","background-media":"","overlay-type":"","overlay-color":"","overlay-opacity":"","overlay-gradient":""}},"ast-content-background-meta":{"desktop":{"background-color":"var(--ast-global-color-5)","background-image":"","background-repeat":"repeat","background-position":"center center","background-size":"auto","background-attachment":"scroll","background-type":"","background-media":"","overlay-type":"","overlay-color":"","overlay-opacity":"","overlay-gradient":""},"tablet":{"background-color":"var(--ast-global-color-5)","background-image":"","background-repeat":"repeat","background-position":"center center","background-size":"auto","background-attachment":"scroll","background-type":"","background-media":"","overlay-type":"","overlay-color":"","overlay-opacity":"","overlay-gradient":""},"mobile":{"background-color":"var(--ast-global-color-5)","background-image":"","background-repeat":"repeat","background-position":"center center","background-size":"auto","background-attachment":"scroll","background-type":"","background-media":"","overlay-type":"","overlay-color":"","overlay-opacity":"","overlay-gradient":""}},"footnotes":""},"class_list":["post-108","page","type-page","status-publish","hentry"],"uagb_featured_image_src":{"full":false,"thumbnail":false,"medium":false,"medium_large":false,"large":false,"1536x1536":false,"2048x2048":false},"uagb_author_info":{"display_name":"administrador","author_link":"https:\/\/tutoriales-siu-guarani.unr.edu.ar\/?author=1"},"uagb_comment_info":0,"uagb_excerpt":null,"_links":{"self":[{"href":"https:\/\/tutoriales-siu-guarani.unr.edu.ar\/index.php?rest_route=\/wp\/v2\/pages\/108","targetHints":{"allow":["GET"]}}],"collection":[{"href":"https:\/\/tutoriales-siu-guarani.unr.edu.ar\/index.php?rest_route=\/wp\/v2\/pages"}],"about":[{"href":"https:\/\/tutoriales-siu-guarani.unr.edu.ar\/index.php?rest_route=\/wp\/v2\/types\/page"}],"author":[{"embeddable":true,"href":"https:\/\/tutoriales-siu-guarani.unr.edu.ar\/index.php?rest_route=\/wp\/v2\/users\/1"}],"replies":[{"embeddable":true,"href":"https:\/\/tutoriales-siu-guarani.unr.edu.ar\/index.php?rest_route=%2Fwp%2Fv2%2Fcomments&post=108"}],"version-history":[{"count":23,"href":"https:\/\/tutoriales-siu-guarani.unr.edu.ar\/index.php?rest_route=\/wp\/v2\/pages\/108\/revisions"}],"predecessor-version":[{"id":869,"href":"https:\/\/tutoriales-siu-guarani.unr.edu.ar\/index.php?rest_route=\/wp\/v2\/pages\/108\/revisions\/869"}],"wp:attachment":[{"href":"https:\/\/tutoriales-siu-guarani.unr.edu.ar\/index.php?rest_route=%2Fwp%2Fv2%2Fmedia&parent=108"}],"curies":[{"name":"wp","href":"https:\/\/api.w.org\/{rel}","templated":true}]}}